{"id":164,"date":"2020-02-03T20:17:46","date_gmt":"2020-02-03T20:17:46","guid":{"rendered":"https:\/\/live-knightcenter.pantheonsite.io\/?page_id=164"},"modified":"2025-08-29T11:02:17","modified_gmt":"2025-08-29T16:02:17","slug":"sobre-nosotros","status":"publish","type":"page","link":"https:\/\/knightcenter.utexas.edu\/es\/sobre-nosotros\/","title":{"rendered":"Sobre nosotros"},"content":{"rendered":"<p><img loading=\"lazy\" decoding=\"async\" class=\"wp-image-13 size-full alignright\" src=\"https:\/\/live-knightcenter.pantheonsite.io\/wp-content\/uploads\/2020\/01\/about-img.jpg\" alt=\"RA\" width=\"320\" height=\"450\" \/><\/p>\n<p>Desde 2002, el Centro Knight para el Periodismo en las Am\u00e9ricas de la Universidad de Texas en Austin ha liderado programas de capacitaci\u00f3n y extensi\u00f3n para periodistas en Am\u00e9rica Latina y el Caribe.<\/p>\n<p>Hemos ayudado a periodistas independientes en el hemisferio occidental a crear una nueva generaci\u00f3n de asociaciones y otras organizaciones para elevar los est\u00e1ndares del periodismo en sus pa\u00edses.<\/p>\n<p>Nuestros programas de capacitaci\u00f3n han beneficiado a miles de periodistas y profesores y estudiantes de periodismo en todo el continente americano y m\u00e1s all\u00e1. Desde 2012, <a href=\"https:\/\/journalismcourses.org\/\" target=\"_blank\" rel=\"noopener noreferrer\">Journalism Courses<\/a> (cursos de periodismo), el programa de aprendizaje a distancia del Centro, ha ofrecido cursos masivos, abiertos y en l\u00ednea (MOOC, por sus siglas en ingl\u00e9s) que atraen a periodistas de todo el mundo.<\/p>\n<p>El <a href=\"https:\/\/isoj.org\/\" target=\"_blank\" rel=\"noopener noreferrer\">Simposio Internacional de Periodismo Online<\/a><span style=\"font-weight: 400;\"> (ISOJ, por sus siglas en ingl\u00e9s), organizado anualmente por el Centro Knight de la Universidad de Texas en Austin, se ha convertido en una de las conferencias de periodismo m\u00e1s prestigiosas del mundo. ISOJ comenz\u00f3 en 1999 como un peque\u00f1o simposio centrado en la naciente industria de noticias en l\u00ednea en Estados Unidos, se internacionaliz\u00f3 en 2003, agreg\u00f3 un <\/span><a href=\"https:\/\/isoj.org\/research\/\" target=\"_blank\" rel=\"noopener noreferrer\">componente de investigaci\u00f3n acad\u00e9mica<\/a><span style=\"font-weight: 400;\"> en 2004 y una revista revisada por pares en 2011.<\/span><\/p>\n<p>Desde 2008, el Centro Knight tambi\u00e9n ha estado organizando el <a href=\"https:\/\/isoj.org\/coloquio\/\" target=\"_blank\" rel=\"noopener noreferrer\"><span style=\"font-weight: 400;\">Coloquio Iberoamericano de Periodismo Digital<\/span><\/a><span style=\"font-weight: 400;\"> el d\u00eda despu\u00e9s de la culminaci\u00f3n de ISOJ. El Coloquio es una conferencia peque\u00f1a, en espa\u00f1ol, creada para aprovechar la presencia en ISOJ de muchos periodistas, ejecutivos de medios y acad\u00e9micos de Am\u00e9rica Latina, Espa\u00f1a y Portugal, y promover una discusi\u00f3n sobre la evoluci\u00f3n del periodismo en l\u00ednea con un enfoque regional.<\/span><\/p>\n<p><span style=\"font-weight: 400;\">El Centro Knight tambi\u00e9n se ha convertido en una referencia de noticias e informaci\u00f3n sobre periodismo y libertad de prensa en Am\u00e9rica Latina y el Caribe desde que comenz\u00f3 a cubrir esos temas con un blog lanzado en 2003. En 2020, el blog de 17 a\u00f1os del centro, <\/span><i><span style=\"font-weight: 400;\">Periodismo en las Am\u00e9ricas<\/span><\/i><span style=\"font-weight: 400;\">, se convirti\u00f3 en <\/span><a href=\"https:\/\/latamjournalismreview.org\/es\/\" target=\"_blank\" rel=\"noopener noreferrer\"><i><span style=\"font-weight: 400;\">LatAm Journalism Review<\/span><\/i><\/a><span style=\"font-weight: 400;\">, una revista digital independiente.<\/span><\/p>\n<p><span style=\"font-weight: 400;\">Gracias a una generosa donaci\u00f3n de la Fundaci\u00f3n John S. y James L. Knight, el Centro Knight fue creado en 2002 por el profesor Rosental Calmon Alves, C\u00e1tedra Knight en Periodismo Internacional y C\u00e1tedra UNESCO de Comunicaci\u00f3n en la <\/span><a href=\"https:\/\/journalism.utexas.edu\/\" target=\"_blank\" rel=\"noopener noreferrer\"><span style=\"font-weight: 400;\">Escuela de Periodismo y Medios<\/span><\/a><span style=\"font-weight: 400;\"> del <\/span><a href=\"https:\/\/moody.utexas.edu\/\" target=\"_blank\" rel=\"noopener noreferrer\"><span style=\"font-weight: 400;\">Moody College of Communication<\/span><\/a><span style=\"font-weight: 400;\"> de la Universidad de Texas en Austin.<\/span><\/p>\n<p>Desde entonces, el centro ha recibido subvenciones sucesivas de la Fundaci\u00f3n Knight, pero tambi\u00e9n se ha beneficiado de otros financiadores, incluidas fundaciones, corporaciones y donantes individuales. Tambi\u00e9n ha generado ingresos de sus actividades, que ayudan a financiar los costos operativos del centro. El Centro Knight recibe importantes contribuciones en especie de la Universidad de Texas en Austin y de su Moody College of Communication.<\/p>\n<div id=\"D3FE36SRK-1756471819.514129-thread-list-Thread_1756481699.927549\" class=\"c-virtual_list__item\" tabindex=\"0\" role=\"listitem\" aria-setsize=\"-1\" data-qa=\"virtual-list-item\" data-item-key=\"1756481699.927549\">\n<div class=\"c-message_kit__background c-message_kit__background--hovered c-message_kit__message c-message_kit__thread_message\" role=\"presentation\" data-qa=\"message_container\" data-qa-unprocessed=\"false\" data-qa-placeholder=\"false\">\n<div class=\"c-message_kit__hover c-message_kit__hover--hovered\" role=\"document\" aria-roledescription=\"message\" data-qa-hover=\"true\">\n<div class=\"c-message_kit__actions c-message_kit__actions--default\">\n<div class=\"c-message_kit__gutter\">\n<div class=\"c-message_kit__gutter__right\" role=\"presentation\" data-qa=\"message_content\">\n<div class=\"c-message_kit__blocks c-message_kit__blocks--rich_text\">\n<div class=\"c-message__message_blocks c-message__message_blocks--rich_text\" data-qa=\"message-text\">\n<div class=\"p-block_kit_renderer\" data-qa=\"block-kit-renderer\">\n<div class=\"p-block_kit_renderer__block_wrapper p-block_kit_renderer__block_wrapper--first\">\n<div class=\"p-rich_text_block\" dir=\"auto\">\n<div class=\"p-rich_text_section\">En 2024, la Sociedad Interamericana de Prensa (SIP) otorg\u00f3 al Centro Knight <a href=\"https:\/\/knightcenter.utexas.edu\/es\/sip-otorga-al-centro-knight-el-premio-gran-amigo-de-la-prensa-por-sus-aportes-al-periodismo\/\">el premio Gran Amigo de la Prensa<\/a> por su \"contribuci\u00f3n significativa al crecimiento y avance del periodismo y la industria de medios en las Am\u00e9ricas\".<\/div>\n<\/div>\n<\/div>\n<\/div>\n<\/div>\n<\/div>\n<\/div>\n<\/div>\n<\/div>\n<\/div>\n<\/div>\n<\/div>\n<p>Para apoyar nuestro trabajo, visite <a href=\"https:\/\/utdirect.utexas.edu\/apps\/utgiving\/online\/nlogon\/?menu=COKN\" target=\"_blank\" rel=\"noopener noreferrer\">nuestra p\u00e1gina segura de donaciones<\/a>\u00a0o env\u00ede un cheque, pagadero a la Universidad de Texas en Austin, a:<\/p>\n<p>Knight Center for Journalism in the Americas<br \/>\n300 West Dean Keeton St., Stop A1000 \u2022 BMC 3.212<br \/>\nAustin, TX 78712<\/p>\n<p>Estaremos encantados de saber de usted. No dude en contactarnos a knightcenter@austin.utexas.edu.<\/p>\n","protected":false},"excerpt":{"rendered":"<p>Desde 2002, el Centro Knight para el Periodismo en las Am\u00e9ricas de la Universidad de Texas en Austin ha liderado programas de capacitaci\u00f3n y extensi\u00f3n para periodistas en Am\u00e9rica Latina y el Caribe. Hemos ayudado a periodistas independientes en el hemisferio occidental a crear una nueva generaci\u00f3n de asociaciones y otras organizaciones para elevar los [&hellip;]<\/p>\n","protected":false},"author":2,"featured_media":0,"parent":0,"menu_order":0,"comment_status":"closed","ping_status":"closed","template":"about.php","meta":{"_acf_changed":false,"inline_featured_image":false,"footnotes":""},"class_list":["post-164","page","type-page","status-publish","hentry"],"acf":[],"yoast_head":"<!-- This site is optimized with the Yoast SEO Premium plugin v24.4 (Yoast SEO v27.3) - https:\/\/yoast.com\/product\/yoast-seo-premium-wordpress\/ -->\n<title>Sobre nosotros | Knight Center for Journalism in the Americas<\/title>\n<meta name=\"robots\" content=\"index, follow, max-snippet:-1, max-image-preview:large, max-video-preview:-1\" \/>\n<link rel=\"canonical\" href=\"https:\/\/knightcenter.utexas.edu\/es\/sobre-nosotros\/\" \/>\n<meta property=\"og:locale\" content=\"es_ES\" \/>\n<meta property=\"og:type\" content=\"article\" \/>\n<meta property=\"og:title\" content=\"Sobre nosotros\" \/>\n<meta property=\"og:description\" content=\"Desde 2002, el Centro Knight para el Periodismo en las Am\u00e9ricas de la Universidad de Texas en Austin ha liderado programas de capacitaci\u00f3n y extensi\u00f3n para periodistas en Am\u00e9rica Latina y el Caribe. Hemos ayudado a periodistas independientes en el hemisferio occidental a crear una nueva generaci\u00f3n de asociaciones y otras organizaciones para elevar los [&hellip;]\" \/>\n<meta property=\"og:url\" content=\"https:\/\/knightcenter.utexas.edu\/es\/sobre-nosotros\/\" \/>\n<meta property=\"og:site_name\" content=\"Knight Center for Journalism in the Americas\" \/>\n<meta property=\"article:modified_time\" content=\"2025-08-29T16:02:17+00:00\" \/>\n<meta property=\"og:image\" content=\"https:\/\/live-knightcenter.pantheonsite.io\/wp-content\/uploads\/2020\/01\/about-img.jpg\" \/>\n<meta name=\"twitter:card\" content=\"summary_large_image\" \/>\n<meta name=\"twitter:label1\" content=\"Est. reading time\" \/>\n\t<meta name=\"twitter:data1\" content=\"10 minutos\" \/>\n<script type=\"application\/ld+json\" class=\"yoast-schema-graph\">{\"@context\":\"https:\\\/\\\/schema.org\",\"@graph\":[{\"@type\":\"WebPage\",\"@id\":\"https:\\\/\\\/knightcenter.utexas.edu\\\/es\\\/sobre-nosotros\\\/\",\"url\":\"https:\\\/\\\/knightcenter.utexas.edu\\\/es\\\/sobre-nosotros\\\/\",\"name\":\"Sobre nosotros | Knight Center for Journalism in the Americas\",\"isPartOf\":{\"@id\":\"https:\\\/\\\/knightcenter.utexas.edu\\\/es\\\/#website\"},\"primaryImageOfPage\":{\"@id\":\"https:\\\/\\\/knightcenter.utexas.edu\\\/es\\\/sobre-nosotros\\\/#primaryimage\"},\"image\":{\"@id\":\"https:\\\/\\\/knightcenter.utexas.edu\\\/es\\\/sobre-nosotros\\\/#primaryimage\"},\"thumbnailUrl\":\"https:\\\/\\\/live-knightcenter.pantheonsite.io\\\/wp-content\\\/uploads\\\/2020\\\/01\\\/about-img.jpg\",\"datePublished\":\"2020-02-03T20:17:46+00:00\",\"dateModified\":\"2025-08-29T16:02:17+00:00\",\"breadcrumb\":{\"@id\":\"https:\\\/\\\/knightcenter.utexas.edu\\\/es\\\/sobre-nosotros\\\/#breadcrumb\"},\"inLanguage\":\"es\",\"potentialAction\":[{\"@type\":\"ReadAction\",\"target\":[\"https:\\\/\\\/knightcenter.utexas.edu\\\/es\\\/sobre-nosotros\\\/\"]}]},{\"@type\":\"ImageObject\",\"inLanguage\":\"es\",\"@id\":\"https:\\\/\\\/knightcenter.utexas.edu\\\/es\\\/sobre-nosotros\\\/#primaryimage\",\"url\":\"https:\\\/\\\/live-knightcenter.pantheonsite.io\\\/wp-content\\\/uploads\\\/2020\\\/01\\\/about-img.jpg\",\"contentUrl\":\"https:\\\/\\\/live-knightcenter.pantheonsite.io\\\/wp-content\\\/uploads\\\/2020\\\/01\\\/about-img.jpg\"},{\"@type\":\"BreadcrumbList\",\"@id\":\"https:\\\/\\\/knightcenter.utexas.edu\\\/es\\\/sobre-nosotros\\\/#breadcrumb\",\"itemListElement\":[{\"@type\":\"ListItem\",\"position\":1,\"name\":\"Home\",\"item\":\"https:\\\/\\\/knightcenter.utexas.edu\\\/es\\\/\"},{\"@type\":\"ListItem\",\"position\":2,\"name\":\"Sobre nosotros\"}]},{\"@type\":\"WebSite\",\"@id\":\"https:\\\/\\\/knightcenter.utexas.edu\\\/es\\\/#website\",\"url\":\"https:\\\/\\\/knightcenter.utexas.edu\\\/es\\\/\",\"name\":\"Knight Center for Journalism in the Americas\",\"description\":\"Training, resources, and news for journalists\",\"potentialAction\":[{\"@type\":\"SearchAction\",\"target\":{\"@type\":\"EntryPoint\",\"urlTemplate\":\"https:\\\/\\\/knightcenter.utexas.edu\\\/es\\\/?s={search_term_string}\"},\"query-input\":{\"@type\":\"PropertyValueSpecification\",\"valueRequired\":true,\"valueName\":\"search_term_string\"}}],\"inLanguage\":\"es\"}]}<\/script>\n<!-- \/ Yoast SEO Premium plugin. -->","yoast_head_json":{"title":"Sobre nosotros | Knight Center for Journalism in the Americas","robots":{"index":"index","follow":"follow","max-snippet":"max-snippet:-1","max-image-preview":"max-image-preview:large","max-video-preview":"max-video-preview:-1"},"canonical":"https:\/\/knightcenter.utexas.edu\/es\/sobre-nosotros\/","og_locale":"es_ES","og_type":"article","og_title":"Sobre nosotros","og_description":"Desde 2002, el Centro Knight para el Periodismo en las Am\u00e9ricas de la Universidad de Texas en Austin ha liderado programas de capacitaci\u00f3n y extensi\u00f3n para periodistas en Am\u00e9rica Latina y el Caribe. Hemos ayudado a periodistas independientes en el hemisferio occidental a crear una nueva generaci\u00f3n de asociaciones y otras organizaciones para elevar los [&hellip;]","og_url":"https:\/\/knightcenter.utexas.edu\/es\/sobre-nosotros\/","og_site_name":"Knight Center for Journalism in the Americas","article_modified_time":"2025-08-29T16:02:17+00:00","og_image":[{"url":"https:\/\/live-knightcenter.pantheonsite.io\/wp-content\/uploads\/2020\/01\/about-img.jpg","type":"","width":"","height":""}],"twitter_card":"summary_large_image","twitter_misc":{"Est. reading time":"10 minutos"},"schema":{"@context":"https:\/\/schema.org","@graph":[{"@type":"WebPage","@id":"https:\/\/knightcenter.utexas.edu\/es\/sobre-nosotros\/","url":"https:\/\/knightcenter.utexas.edu\/es\/sobre-nosotros\/","name":"Sobre nosotros | Knight Center for Journalism in the Americas","isPartOf":{"@id":"https:\/\/knightcenter.utexas.edu\/es\/#website"},"primaryImageOfPage":{"@id":"https:\/\/knightcenter.utexas.edu\/es\/sobre-nosotros\/#primaryimage"},"image":{"@id":"https:\/\/knightcenter.utexas.edu\/es\/sobre-nosotros\/#primaryimage"},"thumbnailUrl":"https:\/\/live-knightcenter.pantheonsite.io\/wp-content\/uploads\/2020\/01\/about-img.jpg","datePublished":"2020-02-03T20:17:46+00:00","dateModified":"2025-08-29T16:02:17+00:00","breadcrumb":{"@id":"https:\/\/knightcenter.utexas.edu\/es\/sobre-nosotros\/#breadcrumb"},"inLanguage":"es","potentialAction":[{"@type":"ReadAction","target":["https:\/\/knightcenter.utexas.edu\/es\/sobre-nosotros\/"]}]},{"@type":"ImageObject","inLanguage":"es","@id":"https:\/\/knightcenter.utexas.edu\/es\/sobre-nosotros\/#primaryimage","url":"https:\/\/live-knightcenter.pantheonsite.io\/wp-content\/uploads\/2020\/01\/about-img.jpg","contentUrl":"https:\/\/live-knightcenter.pantheonsite.io\/wp-content\/uploads\/2020\/01\/about-img.jpg"},{"@type":"BreadcrumbList","@id":"https:\/\/knightcenter.utexas.edu\/es\/sobre-nosotros\/#breadcrumb","itemListElement":[{"@type":"ListItem","position":1,"name":"Home","item":"https:\/\/knightcenter.utexas.edu\/es\/"},{"@type":"ListItem","position":2,"name":"Sobre nosotros"}]},{"@type":"WebSite","@id":"https:\/\/knightcenter.utexas.edu\/es\/#website","url":"https:\/\/knightcenter.utexas.edu\/es\/","name":"Knight Center for Journalism in the Americas","description":"Training, resources, and news for journalists","potentialAction":[{"@type":"SearchAction","target":{"@type":"EntryPoint","urlTemplate":"https:\/\/knightcenter.utexas.edu\/es\/?s={search_term_string}"},"query-input":{"@type":"PropertyValueSpecification","valueRequired":true,"valueName":"search_term_string"}}],"inLanguage":"es"}]}},"_links":{"self":[{"href":"https:\/\/knightcenter.utexas.edu\/es\/wp-json\/wp\/v2\/pages\/164","targetHints":{"allow":["GET"]}}],"collection":[{"href":"https:\/\/knightcenter.utexas.edu\/es\/wp-json\/wp\/v2\/pages"}],"about":[{"href":"https:\/\/knightcenter.utexas.edu\/es\/wp-json\/wp\/v2\/types\/page"}],"author":[{"embeddable":true,"href":"https:\/\/knightcenter.utexas.edu\/es\/wp-json\/wp\/v2\/users\/2"}],"replies":[{"embeddable":true,"href":"https:\/\/knightcenter.utexas.edu\/es\/wp-json\/wp\/v2\/comments?post=164"}],"version-history":[{"count":20,"href":"https:\/\/knightcenter.utexas.edu\/es\/wp-json\/wp\/v2\/pages\/164\/revisions"}],"predecessor-version":[{"id":90298,"href":"https:\/\/knightcenter.utexas.edu\/es\/wp-json\/wp\/v2\/pages\/164\/revisions\/90298"}],"wp:attachment":[{"href":"https:\/\/knightcenter.utexas.edu\/es\/wp-json\/wp\/v2\/media?parent=164"}],"curies":[{"name":"wp","href":"https:\/\/api.w.org\/{rel}","templated":true}]}}