{"id":1735,"date":"2020-10-21T10:08:43","date_gmt":"2020-10-21T15:08:43","guid":{"rendered":"https:\/\/knightcenter.utexas.edu\/?page_id=1735"},"modified":"2020-10-21T10:08:43","modified_gmt":"2020-10-21T15:08:43","slug":"politica-de-privacidad","status":"publish","type":"page","link":"https:\/\/knightcenter.utexas.edu\/es\/politica-de-privacidad\/","title":{"rendered":"Pol\u00edtica de Privacidad"},"content":{"rendered":"<p>El Centro Knight para el Periodismo en las Am\u00e9ricas es un proyecto no comercial, sin fines de lucro de la Universidad de Texas en Austin que fue creado en 2002 para ayudar a los periodistas con programas educativos. Tomamos en serio los problemas de privacidad y comprendemos que toda la informaci\u00f3n personal que podemos recopilar en nuestros programas pertenece a las personas que atendemos, quienes pueden acceder a esta y eliminarla en cualquier momento.<\/p>\n<p>El Centro Knight recopila una cantidad limitada de informaci\u00f3n personal de personas que se han inscrito en sus actividades, como conferencias, cursos en l\u00ednea y boletines informativos por correo electr\u00f3nico. Usamos esta informaci\u00f3n, que se guarda en servidores seguros, para contactar a las personas y poder informarles sobre las nuevas actividades que pueden interesarles y\/o para entregar los boletines informativos a los que se suscribieron.<\/p>\n<p>Entendemos que la informaci\u00f3n personal pertenece a cada individuo, y \u00e9l o ella siempre est\u00e1n invitados a darse de baja de nuestras listas de correo. Cuando alguien cancela la suscripci\u00f3n, su informaci\u00f3n se borra autom\u00e1tica e inmediatamente de nuestras listas.<\/p>\n<p>La informaci\u00f3n personal que recopilamos puede incluir, entre otros, nombres, direcciones de correo electr\u00f3nico y el pa\u00eds y la ciudad donde vive una persona. Esta informaci\u00f3n se recopila cuando se registra a un curso, conferencia o bolet\u00edn informativo. Esta es informaci\u00f3n que nos proporciona cada persona para participar en nuestras actividades, acceder a nuestros cursos y recibir informaci\u00f3n que nos ha solicitado o que consideramos relevante para usted.<\/p>\n<p>Tenga en cuenta que una vez que se haya inscrito en un curso, podremos recopilar informaci\u00f3n generada por el alumno, como respuestas a cuestionarios (<em>quizzes<\/em>) y comentarios que publique en nuestros foros de discusi\u00f3n. Tenga en cuenta que estos comentarios est\u00e1n disponibles para todos los dem\u00e1s estudiantes en el curso. Por esta raz\u00f3n, le recomendamos que recuerde esto y lo piense a la hora de decidir si desea publicar cualquier informaci\u00f3n personal en estos foros.<\/p>\n<p>La informaci\u00f3n inexacta puede afectar la informaci\u00f3n que recibe de nosotros y\/o nuestra capacidad para contactarlo. Por ejemplo, su direcci\u00f3n de correo electr\u00f3nico debe estar actualizada porque esa es una de las formas principales en que nos comunicamos con usted.<\/p>\n<p>No recopilamos su informaci\u00f3n financiera, aparte de la informaci\u00f3n que env\u00ede al realizar compras en el sitio web seguro de la Universidad de Texas en Austin que utilizamos para pagos. No tenemos acceso a esa informaci\u00f3n y no guardamos la informaci\u00f3n de pago. Toda la informaci\u00f3n que recopilamos se almacena en servidores seguros. Utilizamos servicios de terceros para almacenar nuestros datos, incluidos Classroom Revolution, Active Campaign y Google Analytics, pero no vendemos ni compartimos su informaci\u00f3n personal o financiera a terceros.<\/p>\n<p>Siempre mantendremos la Pol\u00edtica de Privacidad m\u00e1s actualizada en nuestro sitio web y le notificaremos si se realizan cambios sustanciales. Le recomendamos que visite esta p\u00e1gina peri\u00f3dicamente para asegurarse de que est\u00e1 familiarizado con la \u00faltima versi\u00f3n de nuestra Pol\u00edtica de Privacidad.<\/p>\n<p>En resumen, respetamos su privacidad. Usted es el propietario de toda la informaci\u00f3n personal que nos proporciona, y puede tener acceso a ella y eliminarla en cualquier momento.<\/p>\n<p>Si tiene preguntas o inquietudes, no dude en ponerse en contacto con nosotros en\u00a0<a href=\"mailto:knightcenter@austin.utexas.edu\">knightcenter@austin.utexas.edu<\/a>.<\/p>\n","protected":false},"excerpt":{"rendered":"<p>El Centro Knight para el Periodismo en las Am\u00e9ricas es un proyecto no comercial, sin fines de lucro de la Universidad de Texas en Austin que fue creado en 2002 para ayudar a los periodistas con programas educativos. Tomamos en serio los problemas de privacidad y comprendemos que toda la informaci\u00f3n personal que podemos recopilar [&hellip;]<\/p>\n","protected":false},"author":1,"featured_media":0,"parent":0,"menu_order":0,"comment_status":"closed","ping_status":"open","template":"","meta":{"_acf_changed":false,"inline_featured_image":false,"footnotes":""},"class_list":["post-1735","page","type-page","status-publish","hentry"],"acf":[],"yoast_head":"<!-- This site is optimized with the Yoast SEO Premium plugin v24.4 (Yoast SEO v27.1.1) - https:\/\/yoast.com\/product\/yoast-seo-premium-wordpress\/ -->\n<title>Pol\u00edtica de Privacidad | Knight Center for Journalism in the Americas<\/title>\n<meta name=\"robots\" content=\"index, follow, max-snippet:-1, max-image-preview:large, max-video-preview:-1\" \/>\n<link rel=\"canonical\" href=\"https:\/\/knightcenter.utexas.edu\/es\/politica-de-privacidad\/\" \/>\n<meta property=\"og:locale\" content=\"es_ES\" \/>\n<meta property=\"og:type\" content=\"article\" \/>\n<meta property=\"og:title\" content=\"Pol\u00edtica de Privacidad\" \/>\n<meta property=\"og:description\" content=\"El Centro Knight para el Periodismo en las Am\u00e9ricas es un proyecto no comercial, sin fines de lucro de la Universidad de Texas en Austin que fue creado en 2002 para ayudar a los periodistas con programas educativos. Tomamos en serio los problemas de privacidad y comprendemos que toda la informaci\u00f3n personal que podemos recopilar [&hellip;]\" \/>\n<meta property=\"og:url\" content=\"https:\/\/knightcenter.utexas.edu\/es\/politica-de-privacidad\/\" \/>\n<meta property=\"og:site_name\" content=\"Knight Center for Journalism in the Americas\" \/>\n<meta name=\"twitter:card\" content=\"summary_large_image\" \/>\n<meta name=\"twitter:label1\" content=\"Est. reading time\" \/>\n\t<meta name=\"twitter:data1\" content=\"3 minutos\" \/>\n<script type=\"application\/ld+json\" class=\"yoast-schema-graph\">{\"@context\":\"https:\/\/schema.org\",\"@graph\":[{\"@type\":\"WebPage\",\"@id\":\"https:\/\/knightcenter.utexas.edu\/es\/politica-de-privacidad\/\",\"url\":\"https:\/\/knightcenter.utexas.edu\/es\/politica-de-privacidad\/\",\"name\":\"Pol\u00edtica de Privacidad | Knight Center for Journalism in the Americas\",\"isPartOf\":{\"@id\":\"https:\/\/knightcenter.utexas.edu\/es\/#website\"},\"datePublished\":\"2020-10-21T15:08:43+00:00\",\"breadcrumb\":{\"@id\":\"https:\/\/knightcenter.utexas.edu\/es\/politica-de-privacidad\/#breadcrumb\"},\"inLanguage\":\"es\",\"potentialAction\":[{\"@type\":\"ReadAction\",\"target\":[\"https:\/\/knightcenter.utexas.edu\/es\/politica-de-privacidad\/\"]}]},{\"@type\":\"BreadcrumbList\",\"@id\":\"https:\/\/knightcenter.utexas.edu\/es\/politica-de-privacidad\/#breadcrumb\",\"itemListElement\":[{\"@type\":\"ListItem\",\"position\":1,\"name\":\"Home\",\"item\":\"https:\/\/knightcenter.utexas.edu\/es\/\"},{\"@type\":\"ListItem\",\"position\":2,\"name\":\"Pol\u00edtica de Privacidad\"}]},{\"@type\":\"WebSite\",\"@id\":\"https:\/\/knightcenter.utexas.edu\/es\/#website\",\"url\":\"https:\/\/knightcenter.utexas.edu\/es\/\",\"name\":\"Knight Center for Journalism in the Americas\",\"description\":\"Training, resources, and news for journalists\",\"potentialAction\":[{\"@type\":\"SearchAction\",\"target\":{\"@type\":\"EntryPoint\",\"urlTemplate\":\"https:\/\/knightcenter.utexas.edu\/es\/?s={search_term_string}\"},\"query-input\":{\"@type\":\"PropertyValueSpecification\",\"valueRequired\":true,\"valueName\":\"search_term_string\"}}],\"inLanguage\":\"es\"}]}<\/script>\n<!-- \/ Yoast SEO Premium plugin. -->","yoast_head_json":{"title":"Pol\u00edtica de Privacidad | Knight Center for Journalism in the Americas","robots":{"index":"index","follow":"follow","max-snippet":"max-snippet:-1","max-image-preview":"max-image-preview:large","max-video-preview":"max-video-preview:-1"},"canonical":"https:\/\/knightcenter.utexas.edu\/es\/politica-de-privacidad\/","og_locale":"es_ES","og_type":"article","og_title":"Pol\u00edtica de Privacidad","og_description":"El Centro Knight para el Periodismo en las Am\u00e9ricas es un proyecto no comercial, sin fines de lucro de la Universidad de Texas en Austin que fue creado en 2002 para ayudar a los periodistas con programas educativos. Tomamos en serio los problemas de privacidad y comprendemos que toda la informaci\u00f3n personal que podemos recopilar [&hellip;]","og_url":"https:\/\/knightcenter.utexas.edu\/es\/politica-de-privacidad\/","og_site_name":"Knight Center for Journalism in the Americas","twitter_card":"summary_large_image","twitter_misc":{"Est. reading time":"3 minutos"},"schema":{"@context":"https:\/\/schema.org","@graph":[{"@type":"WebPage","@id":"https:\/\/knightcenter.utexas.edu\/es\/politica-de-privacidad\/","url":"https:\/\/knightcenter.utexas.edu\/es\/politica-de-privacidad\/","name":"Pol\u00edtica de Privacidad | Knight Center for Journalism in the Americas","isPartOf":{"@id":"https:\/\/knightcenter.utexas.edu\/es\/#website"},"datePublished":"2020-10-21T15:08:43+00:00","breadcrumb":{"@id":"https:\/\/knightcenter.utexas.edu\/es\/politica-de-privacidad\/#breadcrumb"},"inLanguage":"es","potentialAction":[{"@type":"ReadAction","target":["https:\/\/knightcenter.utexas.edu\/es\/politica-de-privacidad\/"]}]},{"@type":"BreadcrumbList","@id":"https:\/\/knightcenter.utexas.edu\/es\/politica-de-privacidad\/#breadcrumb","itemListElement":[{"@type":"ListItem","position":1,"name":"Home","item":"https:\/\/knightcenter.utexas.edu\/es\/"},{"@type":"ListItem","position":2,"name":"Pol\u00edtica de Privacidad"}]},{"@type":"WebSite","@id":"https:\/\/knightcenter.utexas.edu\/es\/#website","url":"https:\/\/knightcenter.utexas.edu\/es\/","name":"Knight Center for Journalism in the Americas","description":"Training, resources, and news for journalists","potentialAction":[{"@type":"SearchAction","target":{"@type":"EntryPoint","urlTemplate":"https:\/\/knightcenter.utexas.edu\/es\/?s={search_term_string}"},"query-input":{"@type":"PropertyValueSpecification","valueRequired":true,"valueName":"search_term_string"}}],"inLanguage":"es"}]}},"_links":{"self":[{"href":"https:\/\/knightcenter.utexas.edu\/es\/wp-json\/wp\/v2\/pages\/1735","targetHints":{"allow":["GET"]}}],"collection":[{"href":"https:\/\/knightcenter.utexas.edu\/es\/wp-json\/wp\/v2\/pages"}],"about":[{"href":"https:\/\/knightcenter.utexas.edu\/es\/wp-json\/wp\/v2\/types\/page"}],"author":[{"embeddable":true,"href":"https:\/\/knightcenter.utexas.edu\/es\/wp-json\/wp\/v2\/users\/1"}],"replies":[{"embeddable":true,"href":"https:\/\/knightcenter.utexas.edu\/es\/wp-json\/wp\/v2\/comments?post=1735"}],"version-history":[{"count":1,"href":"https:\/\/knightcenter.utexas.edu\/es\/wp-json\/wp\/v2\/pages\/1735\/revisions"}],"predecessor-version":[{"id":1736,"href":"https:\/\/knightcenter.utexas.edu\/es\/wp-json\/wp\/v2\/pages\/1735\/revisions\/1736"}],"wp:attachment":[{"href":"https:\/\/knightcenter.utexas.edu\/es\/wp-json\/wp\/v2\/media?parent=1735"}],"curies":[{"name":"wp","href":"https:\/\/api.w.org\/{rel}","templated":true}]}}