{"id":80413,"date":"2024-02-20T23:38:52","date_gmt":"2024-02-21T05:38:52","guid":{"rendered":"https:\/\/knightcenter.utexas.edu\/?page_id=80413"},"modified":"2026-04-06T09:53:01","modified_gmt":"2026-04-06T14:53:01","slug":"beaver-builder-homepage","status":"publish","type":"page","link":"https:\/\/knightcenter.utexas.edu\/es\/","title":{"rendered":"Home"},"content":{"rendered":"\n\n\t\t\t<img decoding=\"async\" loading=\"false\" src=\"https:\/\/knightcenter.utexas.edu\/wp-content\/uploads\/2026\/04\/BANNER-Homepage-ISOJ-2026-Registro-ESP.png\" alt=\"Inscripciones abiertas!\" \/><a href=\"https:\/\/knightcenter.utexas.edu\/es\/el-registro-para-isoj-2026-ya-esta-abierto-aprovecha-las-tarifas-de-registro-anticipado\/\" target=\"_blank\" aria-label=\"\"><\/a>\t\t\t\n\t\t\t<img decoding=\"async\" loading=\"false\" src=\"https:\/\/knightcenter.utexas.edu\/wp-content\/uploads\/2026\/01\/Website-banners-3.png\" alt=\"Ebook est\u00e1 listo\" \/><a href=\"https:\/\/journalismcourses.org\/es\/ebook\/los-mundos-del-periodismo-seguridad-autonomia-profesional-y-resiliencia-entre-periodistas-en-america-latina\/\" target=\"_blank\" aria-label=\"\"><\/a>\t\t\t\n\t\t\t<img decoding=\"async\" loading=\"false\" src=\"https:\/\/knightcenter.utexas.edu\/wp-content\/uploads\/2025\/12\/CAROUSEL-BANNER-YEAR-END-ESP-2.png\" alt=\"2025 informe de fin de a\u00f1o\" \/><a href=\"https:\/\/knightcenter.utexas.edu\/es\/2025-en-retrospectiva-el-centro-knight-prepara-a-periodistas-para-la-ia-y-enfatiza-las-amenazas-a-la-libertad-de-prensa-en-medio-del-retroceso-democratico-global\/\" target=\"_blank\" aria-label=\"\"><\/a>\t\t\t\n\t\t\t\t<a href=\"#\" aria-label=\"previous\" role=\"button\">\n<\/a>\n\t\t\t\t<a href=\"#\" aria-label=\"next\" role=\"button\">\n<\/a>\n\t\t\t\t<img decoding=\"async\" src=\"https:\/\/knightcenter.utexas.edu\/wp-content\/uploads\/2024\/02\/KnightCenter_InformalTreatment_Horizontal-1-1.png\" alt=\"KnightCenter_InformalTreatment_Horizontal (1)\" itemprop=\"image\" height=\"78\" width=\"507\" title=\"KnightCenter_InformalTreatment_Horizontal (1)\" onerror=\"this.style.display='none'\" loading=\"lazy\" \/>\n\t<p>El Centro Knight para el Periodismo en las Am\u00e9ricas es l\u00edder mundial en capacitaci\u00f3n y extensi\u00f3n para periodistas, con m\u00e1s de 20 a\u00f1os de experiencia ayudando a fortalecer el periodismo y la libertad de prensa en Am\u00e9rica Latina y el Caribe.<\/p>\n<h2>\n\t\t\tNoticias y Eventos\t<\/h2>\n\t\t\t<a href=\"\/es\/noticias\/\" target=\"_self\">\n\t\t\t\t\t\t\tM\u00e1s Noticias y eventos\n\t\t\t\t\t<\/a>\n\t\t\t<a href=\"https:\/\/latamjournalismreview.org\/articles\/\" target=\"_blank\" rel=\"noopener\">\n\t\t\t\t\t\t\tM\u00e1s Titulares de LatAm Journalism Review\n\t\t\t\t\t<\/a>\n<h2>\n\t\t\tCursos en l\u00ednea del Centro Knight\t<\/h2>\n\t\t188\n\t<p>Cursos en L\u00ednea<\/p>\n\t\t366,425\n\t<p>Estudiantes<\/p>\n\t\t200\n\t<p>Pa\u00edses y Territorios<\/p>\n<h2>\n\t\t\tPublicaciones\t<\/h2>\n\t<p>Como parte de su misi\u00f3n de ofrecer capacitaci\u00f3n y recursos period\u00edsticos gratuitos y de bajo costo, el Centro Knight ha publicado m\u00e1s de 20 libros electr\u00f3nicos, disponibles para descargar gratuitamente en espa\u00f1ol, ingl\u00e9s y portugu\u00e9s.<\/p>\n\t\t\t\t<a href=\"https:\/\/journalismcourses.org\/ebook\/periodismo-en-centroamerica-frente-al-retroceso-democratico\/\"  target=\"_blank\" rel=\"noopener\"  itemprop=\"url\">\n\t\t\t\t<img decoding=\"async\" src=\"https:\/\/knightcenter.utexas.edu\/wp-content\/uploads\/2025\/11\/Portada-Prensa-en-CA-211x300.png\" alt=\"Periodismo en Centroam\u00e9rica frente al retroceso democr\u00e1tico\" itemprop=\"image\" height=\"300\" width=\"211\" title=\"Portada Prensa en CA\" onerror=\"this.style.display='none'\" loading=\"lazy\" \/>\n\t\t\t\t<\/a>\n\t\t\t\t<a href=\"https:\/\/journalismcourses.org\/ebook\/content-creators-and-journalists-redefining-news-and-credibility-in-the-digital-age\/\"  target=\"_blank\" rel=\"noopener\"  itemprop=\"url\">\n\t\t\t\t<img decoding=\"async\" src=\"https:\/\/knightcenter.utexas.edu\/wp-content\/uploads\/2024\/10\/CONTENT-CREATORS-COVER-225x300.jpg\" alt=\"Illustrated cover showing a journalist influencer coming through a door\" itemprop=\"image\" height=\"300\" width=\"225\" title=\"CONTENT CREATORS COVER\" onerror=\"this.style.display='none'\" loading=\"lazy\" \/>\n\t\t\t\t<\/a>\n\t\t\t\t<a href=\"https:\/\/journalismcourses.org\/ebook\/protection-of-journalists-safety-and-justice-in-latin-america-and-the-caribbean\/\"  target=\"_blank\" rel=\"noopener\"  itemprop=\"url\">\n\t\t\t\t<img decoding=\"async\" src=\"https:\/\/knightcenter.utexas.edu\/wp-content\/uploads\/2024\/02\/GMDF-COVER-FINAL-ENGLISH-232x300-1.png\" alt=\"GMDF-COVER-FINAL-ENGLISH-232x300\" itemprop=\"image\" height=\"300\" width=\"232\" title=\"GMDF-COVER-FINAL-ENGLISH-232x300\" onerror=\"this.style.display='none'\" loading=\"lazy\" \/>\n\t\t\t\t<\/a>\n\t\t\t\t<a href=\"https:\/\/journalismcourses.org\/ebook\/ksj-science-editing-handbook\/\"  target=\"_blank\" rel=\"noopener\"  itemprop=\"url\">\n\t\t\t\t<img decoding=\"async\" src=\"https:\/\/knightcenter.utexas.edu\/wp-content\/uploads\/2024\/02\/KSJ-HANDBOOK-COVER-768x990-1-233x300-1.png\" alt=\"KSJ-HANDBOOK-COVER-768x990-1-233x300\" itemprop=\"image\" height=\"300\" width=\"233\" title=\"KSJ-HANDBOOK-COVER-768x990-1-233x300\" onerror=\"this.style.display='none'\" loading=\"lazy\" \/>\n\t\t\t\t<\/a>\n<h2>\n\t\t\tTestimonios\t<\/h2>\n\t<p>Para nuestro 20\u00ba aniversario, el Centro Knight para el Periodismo en las Am\u00e9ricas contact\u00f3 a su comunidad de periodistas de todo el mundo para conocer c\u00f3mo nuestros programas han impactado sus carreras y vidas. Aqu\u00ed encontrar\u00e1 algunas de sus historias.<\/p>\n\t\t\t<img decoding=\"async\" loading=\"false\" src=\"https:\/\/knightcenter.utexas.edu\/wp-content\/uploads\/2024\/02\/lisseth_boon_2022-150x150-1.png\" alt=\"\" \/>\t\t\t\n\t\t\t\t<h2>Democratizaci\u00f3n del conocimiento<\/h2><p>\"Los cursos del Centro Knight ha promovido la capacitaci\u00f3n de miles de periodistas de varias generaciones alrededor del mundo de manera gratuita o a muy bajo costo. Representan la democratizaci\u00f3n del conocimiento te\u00f3rico y t\u00e9cnico sobre el periodismo\".<\/p>\n<strong>Lisseth Boon<\/strong>, Venezuela<br \/>\n<em>Periodista investigativa, RunRun.es<\/em>\n<img decoding=\"async\" loading=\"false\" src=\"https:\/\/knightcenter.utexas.edu\/wp-content\/uploads\/2024\/02\/lisseth_boon_2022-150x150-1.png\" alt=\"\" \/>\t\t\t\n\t\t\t<img decoding=\"async\" loading=\"false\" src=\"https:\/\/knightcenter.utexas.edu\/wp-content\/uploads\/2024\/02\/Kristy-Totten-150x150-1.jpg\" alt=\"\" \/>\t\t\t\n\t\t\t\t<h2>Una base s\u00f3lida<\/h2><p>\"El curso [del Centro Knight] nos dio una base s\u00f3lida para comenzar nuestro propio proyecto y construir nuestros portafolios, y hoy hacemos podcasts profesionalmente para organizaciones de noticias reconocidas a nivel nacional... Gracias, Centro Knight, por la capacitaci\u00f3n profesional continua que realmente ha ampliado mis habilidades y mejorado mi carrera\".<\/p>\n<strong>Kristy Totten<\/strong>, San Diego, California (Estados Unidos)<br \/>\n<em>Productor, San Diego News Fix, San Diego Union-Tribune<\/em>\n<img decoding=\"async\" loading=\"false\" src=\"https:\/\/knightcenter.utexas.edu\/wp-content\/uploads\/2024\/02\/Kristy-Totten-150x150-1.jpg\" alt=\"\" \/>\t\t\t\n\t\t\t<img decoding=\"async\" loading=\"false\" src=\"https:\/\/knightcenter.utexas.edu\/wp-content\/uploads\/2024\/02\/Tom-1024x1024-1-1024x1024-1-150x150-1.jpg\" alt=\"\" \/>\t\t\t\n\t\t\t\t<h2>Habilidades invaluables<\/h2><p>\"Las lecciones aprendidas en el curso de datos que particip\u00e9 nos ayudaron a crear un departamento de datos en nuestra sala de redacci\u00f3n local de The Citizen. Previamente, el curso de gesti\u00f3n de salas de redacci\u00f3n me ayud\u00f3 a superar los desaf\u00edos cuando me ascendieron de reportero a editor de proyectos especiales. Los conocimientos adquiridos fueron invaluables\".<\/p>\n<strong>Tom Mosoba<\/strong>, Tanzani<br \/>\n<em>Director de desarrollo empresarial, Mwananchi Communications Limited<\/em>\n<img decoding=\"async\" loading=\"false\" src=\"https:\/\/knightcenter.utexas.edu\/wp-content\/uploads\/2024\/02\/Tom-1024x1024-1-1024x1024-1-150x150-1.jpg\" alt=\"\" \/>\t\t\t\n\t\t\t<img decoding=\"async\" loading=\"false\" src=\"https:\/\/knightcenter.utexas.edu\/wp-content\/uploads\/2024\/02\/Fernando-Zamith.png\" alt=\"\" \/>\t\t\t\n\t\t\t\t<h2>Acceso a un mejor periodismo<\/h2><p>\"ISOJ es, sin duda, el congreso de periodismo online m\u00e1s importante del mundo. Tiene establecido un excelente di\u00e1logo entre la academia y la industria\/pr\u00e1ctica period\u00edstica, en una relaci\u00f3n en la que todos ganan, incluido el ciudadano com\u00fan, quien, de esta manera, tiene acceso a un mejor periodismo\".<\/p>\n<strong>Fernando Zamith<\/strong>, Portugal<br \/>\n<em>Profesor, Universidad de Porto<\/em>\n<img decoding=\"async\" loading=\"false\" src=\"https:\/\/knightcenter.utexas.edu\/wp-content\/uploads\/2024\/02\/Fernando-Zamith.png\" alt=\"\" \/>\t\t\t\n\t\t\t<img decoding=\"async\" loading=\"false\" src=\"https:\/\/knightcenter.utexas.edu\/wp-content\/uploads\/2024\/02\/Guilherme-Canela-150x150-1.jpg\" alt=\"\" \/>\t\t\t\n\t\t\t\t<h2>Protecci\u00f3n de periodistas<\/h2><p>\"Hemos llegado a 15.000 jueces, fiscales y otros operadores de justicia en Am\u00e9rica Latina con el curso en l\u00ednea \"Marco Jur\u00eddico Internacional de la libertad de expresi\u00f3n, acceso a la informaci\u00f3n p\u00fablica y protecci\u00f3n de periodistas\", gracias a una alianza entre la UNESCO, el Centro Knight y la Relator\u00eda Especial del Sistema Interamericano de Derechos Humanos\".<\/p>\n<strong>Guilherme Canela<\/strong>, Francia<br \/>\n<em>Jefe, Secci\u00f3n de Libertad de Expresi\u00f3n y Seguridad de Periodistas de la Unesco<\/em>\n<img decoding=\"async\" loading=\"false\" src=\"https:\/\/knightcenter.utexas.edu\/wp-content\/uploads\/2024\/02\/Guilherme-Canela-150x150-1.jpg\" alt=\"\" \/>\t\t\t\n\t\t\t<img decoding=\"async\" loading=\"false\" src=\"https:\/\/knightcenter.utexas.edu\/wp-content\/uploads\/2024\/02\/Batsell_headshot-150x150-1.png\" alt=\"\" \/>\t\t\t\n\t\t\t\t<h2>Conectando personas<\/h2><p>\"Los programas del Centro Knight, particularmente ISOJ, han sido esenciales para presentarme ideas emergentes y conectarme con docenas de acad\u00e9micos y profesionales del periodismo digital que me han ayudado a dar forma a mi agenda de investigaci\u00f3n y proyectos creativos\".<\/p>\n<strong>Jake Batsell<\/strong>, Dallas (Estados Unidos)<br \/>\n<em>Profesor asociado, Southern Methodist University<\/em>\n<img decoding=\"async\" loading=\"false\" src=\"https:\/\/knightcenter.utexas.edu\/wp-content\/uploads\/2024\/02\/Batsell_headshot-150x150-1.png\" alt=\"\" \/>\t\t\t\n\t\t\t<img decoding=\"async\" loading=\"false\" src=\"https:\/\/knightcenter.utexas.edu\/wp-content\/uploads\/2024\/02\/Claudia-Duque-150x150-1.png\" alt=\"\" \/>\t\t\t\n\t\t\t\t<h2>Apoyo leal y permanente<\/h2><p>\"El Centro Knight ha publicado y cubierto de forma constante mi propio caso de amenazas, tortura, exilio y persecuci\u00f3n, y me ha apoyado en la difusi\u00f3n y conocimiento de las situaciones que he vivido. Este apoyo ha sido leal, permanente y muy importante\".<\/p>\n<strong>Claudia Julieta Duque<\/strong>, Colombia<br \/>\n<em>Periodista, Radio Nizkor<\/em>\n<img decoding=\"async\" loading=\"false\" src=\"https:\/\/knightcenter.utexas.edu\/wp-content\/uploads\/2024\/02\/Claudia-Duque-150x150-1.png\" alt=\"\" \/>\t\t\t\n\t\t\t\t<a href=\"#\" aria-label=\"previous\" role=\"button\">\n<\/a>\n\t\t\t\t<a href=\"#\" aria-label=\"next\" role=\"button\">\n<\/a>\n\n","protected":false},"excerpt":{"rendered":"<p>El Centro Knight para el Periodismo en las Am\u00e9ricas es l\u00edder mundial en capacitaci\u00f3n y extensi\u00f3n para periodistas, con m\u00e1s de 20 a\u00f1os de experiencia ayudando a fortalecer el periodismo y la libertad de prensa en Am\u00e9rica Latina y el Caribe. Noticias y Eventos M\u00e1s Noticias y eventos M\u00e1s Titulares de LatAm Journalism Review Cursos [&hellip;]<\/p>\n","protected":false},"author":2,"featured_media":0,"parent":0,"menu_order":0,"comment_status":"closed","ping_status":"closed","template":"template-beaver.php","meta":{"_acf_changed":false,"inline_featured_image":false,"footnotes":""},"class_list":["post-80413","page","type-page","status-publish","hentry"],"acf":[],"yoast_head":"<!-- This site is optimized with the Yoast SEO Premium plugin v24.4 (Yoast SEO v27.4) - https:\/\/yoast.com\/product\/yoast-seo-premium-wordpress\/ -->\n<title>The Knight Center - Espanol<\/title>\n<meta name=\"description\" content=\"Information about The Knight Center at the University of Texas at Austin.\" \/>\n<meta name=\"robots\" content=\"index, follow, max-snippet:-1, max-image-preview:large, max-video-preview:-1\" \/>\n<link rel=\"canonical\" href=\"https:\/\/knightcenter.utexas.edu\/es\/\" \/>\n<meta property=\"og:locale\" content=\"es_ES\" \/>\n<meta property=\"og:type\" content=\"article\" \/>\n<meta property=\"og:title\" content=\"Home\" \/>\n<meta property=\"og:description\" content=\"Information about The Knight Center at the University of Texas at Austin.\" \/>\n<meta property=\"og:url\" content=\"https:\/\/knightcenter.utexas.edu\/es\/\" \/>\n<meta property=\"og:site_name\" content=\"Knight Center for Journalism in the Americas\" \/>\n<meta property=\"article:modified_time\" content=\"2026-04-06T14:53:01+00:00\" \/>\n<meta property=\"og:image\" content=\"https:\/\/knightcenter.utexas.edu\/wp-content\/uploads\/2026\/04\/BANNER-Homepage-ISOJ-2026-Registro-ESP.png\" \/>\n<meta name=\"twitter:card\" content=\"summary_large_image\" \/>\n<meta name=\"twitter:label1\" content=\"Est. reading time\" \/>\n\t<meta name=\"twitter:data1\" content=\"14 minutos\" \/>\n<script type=\"application\/ld+json\" class=\"yoast-schema-graph\">{\"@context\":\"https:\\\/\\\/schema.org\",\"@graph\":[{\"@type\":\"WebPage\",\"@id\":\"https:\\\/\\\/knightcenter.utexas.edu\\\/es\\\/\",\"url\":\"https:\\\/\\\/knightcenter.utexas.edu\\\/es\\\/\",\"name\":\"The Knight Center - Espanol\",\"isPartOf\":{\"@id\":\"https:\\\/\\\/knightcenter.utexas.edu\\\/es\\\/#website\"},\"primaryImageOfPage\":{\"@id\":\"https:\\\/\\\/knightcenter.utexas.edu\\\/es\\\/#primaryimage\"},\"image\":{\"@id\":\"https:\\\/\\\/knightcenter.utexas.edu\\\/es\\\/#primaryimage\"},\"thumbnailUrl\":\"https:\\\/\\\/knightcenter.utexas.edu\\\/wp-content\\\/uploads\\\/2026\\\/04\\\/BANNER-Homepage-ISOJ-2026-Registro-ESP.png\",\"datePublished\":\"2024-02-21T05:38:52+00:00\",\"dateModified\":\"2026-04-06T14:53:01+00:00\",\"description\":\"Information about The Knight Center at the University of Texas at Austin.\",\"breadcrumb\":{\"@id\":\"https:\\\/\\\/knightcenter.utexas.edu\\\/es\\\/#breadcrumb\"},\"inLanguage\":\"es\",\"potentialAction\":[{\"@type\":\"ReadAction\",\"target\":[\"https:\\\/\\\/knightcenter.utexas.edu\\\/es\\\/\"]}]},{\"@type\":\"ImageObject\",\"inLanguage\":\"es\",\"@id\":\"https:\\\/\\\/knightcenter.utexas.edu\\\/es\\\/#primaryimage\",\"url\":\"https:\\\/\\\/knightcenter.utexas.edu\\\/wp-content\\\/uploads\\\/2026\\\/04\\\/BANNER-Homepage-ISOJ-2026-Registro-ESP.png\",\"contentUrl\":\"https:\\\/\\\/knightcenter.utexas.edu\\\/wp-content\\\/uploads\\\/2026\\\/04\\\/BANNER-Homepage-ISOJ-2026-Registro-ESP.png\"},{\"@type\":\"BreadcrumbList\",\"@id\":\"https:\\\/\\\/knightcenter.utexas.edu\\\/es\\\/#breadcrumb\",\"itemListElement\":[{\"@type\":\"ListItem\",\"position\":1,\"name\":\"Home\",\"item\":\"https:\\\/\\\/knightcenter.utexas.edu\\\/es\\\/\"},{\"@type\":\"ListItem\",\"position\":2,\"name\":\"Home\"}]},{\"@type\":\"WebSite\",\"@id\":\"https:\\\/\\\/knightcenter.utexas.edu\\\/es\\\/#website\",\"url\":\"https:\\\/\\\/knightcenter.utexas.edu\\\/es\\\/\",\"name\":\"Knight Center for Journalism in the Americas\",\"description\":\"Training, resources, and news for journalists\",\"potentialAction\":[{\"@type\":\"SearchAction\",\"target\":{\"@type\":\"EntryPoint\",\"urlTemplate\":\"https:\\\/\\\/knightcenter.utexas.edu\\\/es\\\/?s={search_term_string}\"},\"query-input\":{\"@type\":\"PropertyValueSpecification\",\"valueRequired\":true,\"valueName\":\"search_term_string\"}}],\"inLanguage\":\"es\"}]}<\/script>\n<!-- \/ Yoast SEO Premium plugin. -->","yoast_head_json":{"title":"The Knight Center - Espanol","description":"Information about The Knight Center at the University of Texas at Austin.","robots":{"index":"index","follow":"follow","max-snippet":"max-snippet:-1","max-image-preview":"max-image-preview:large","max-video-preview":"max-video-preview:-1"},"canonical":"https:\/\/knightcenter.utexas.edu\/es\/","og_locale":"es_ES","og_type":"article","og_title":"Home","og_description":"Information about The Knight Center at the University of Texas at Austin.","og_url":"https:\/\/knightcenter.utexas.edu\/es\/","og_site_name":"Knight Center for Journalism in the Americas","article_modified_time":"2026-04-06T14:53:01+00:00","og_image":[{"url":"https:\/\/knightcenter.utexas.edu\/wp-content\/uploads\/2026\/04\/BANNER-Homepage-ISOJ-2026-Registro-ESP.png","type":"","width":"","height":""}],"twitter_card":"summary_large_image","twitter_misc":{"Est. reading time":"14 minutos"},"schema":{"@context":"https:\/\/schema.org","@graph":[{"@type":"WebPage","@id":"https:\/\/knightcenter.utexas.edu\/es\/","url":"https:\/\/knightcenter.utexas.edu\/es\/","name":"The Knight Center - Espanol","isPartOf":{"@id":"https:\/\/knightcenter.utexas.edu\/es\/#website"},"primaryImageOfPage":{"@id":"https:\/\/knightcenter.utexas.edu\/es\/#primaryimage"},"image":{"@id":"https:\/\/knightcenter.utexas.edu\/es\/#primaryimage"},"thumbnailUrl":"https:\/\/knightcenter.utexas.edu\/wp-content\/uploads\/2026\/04\/BANNER-Homepage-ISOJ-2026-Registro-ESP.png","datePublished":"2024-02-21T05:38:52+00:00","dateModified":"2026-04-06T14:53:01+00:00","description":"Information about The Knight Center at the University of Texas at Austin.","breadcrumb":{"@id":"https:\/\/knightcenter.utexas.edu\/es\/#breadcrumb"},"inLanguage":"es","potentialAction":[{"@type":"ReadAction","target":["https:\/\/knightcenter.utexas.edu\/es\/"]}]},{"@type":"ImageObject","inLanguage":"es","@id":"https:\/\/knightcenter.utexas.edu\/es\/#primaryimage","url":"https:\/\/knightcenter.utexas.edu\/wp-content\/uploads\/2026\/04\/BANNER-Homepage-ISOJ-2026-Registro-ESP.png","contentUrl":"https:\/\/knightcenter.utexas.edu\/wp-content\/uploads\/2026\/04\/BANNER-Homepage-ISOJ-2026-Registro-ESP.png"},{"@type":"BreadcrumbList","@id":"https:\/\/knightcenter.utexas.edu\/es\/#breadcrumb","itemListElement":[{"@type":"ListItem","position":1,"name":"Home","item":"https:\/\/knightcenter.utexas.edu\/es\/"},{"@type":"ListItem","position":2,"name":"Home"}]},{"@type":"WebSite","@id":"https:\/\/knightcenter.utexas.edu\/es\/#website","url":"https:\/\/knightcenter.utexas.edu\/es\/","name":"Knight Center for Journalism in the Americas","description":"Training, resources, and news for journalists","potentialAction":[{"@type":"SearchAction","target":{"@type":"EntryPoint","urlTemplate":"https:\/\/knightcenter.utexas.edu\/es\/?s={search_term_string}"},"query-input":{"@type":"PropertyValueSpecification","valueRequired":true,"valueName":"search_term_string"}}],"inLanguage":"es"}]}},"_links":{"self":[{"href":"https:\/\/knightcenter.utexas.edu\/es\/wp-json\/wp\/v2\/pages\/80413","targetHints":{"allow":["GET"]}}],"collection":[{"href":"https:\/\/knightcenter.utexas.edu\/es\/wp-json\/wp\/v2\/pages"}],"about":[{"href":"https:\/\/knightcenter.utexas.edu\/es\/wp-json\/wp\/v2\/types\/page"}],"author":[{"embeddable":true,"href":"https:\/\/knightcenter.utexas.edu\/es\/wp-json\/wp\/v2\/users\/2"}],"replies":[{"embeddable":true,"href":"https:\/\/knightcenter.utexas.edu\/es\/wp-json\/wp\/v2\/comments?post=80413"}],"version-history":[{"count":102,"href":"https:\/\/knightcenter.utexas.edu\/es\/wp-json\/wp\/v2\/pages\/80413\/revisions"}],"predecessor-version":[{"id":100464,"href":"https:\/\/knightcenter.utexas.edu\/es\/wp-json\/wp\/v2\/pages\/80413\/revisions\/100464"}],"wp:attachment":[{"href":"https:\/\/knightcenter.utexas.edu\/es\/wp-json\/wp\/v2\/media?parent=80413"}],"curies":[{"name":"wp","href":"https:\/\/api.w.org\/{rel}","templated":true}]}}