{"id":305,"date":"2020-02-07T12:35:58","date_gmt":"2020-02-07T12:35:58","guid":{"rendered":"https:\/\/live-knightcenter.pantheonsite.io\/?page_id=305"},"modified":"2025-08-29T07:50:37","modified_gmt":"2025-08-29T12:50:37","slug":"sobre","status":"publish","type":"page","link":"https:\/\/knightcenter.utexas.edu\/pt-br\/sobre\/","title":{"rendered":"Sobre"},"content":{"rendered":"<p><img loading=\"lazy\" decoding=\"async\" class=\"size-full wp-image-13 alignright\" src=\"https:\/\/live-knightcenter.pantheonsite.io\/wp-content\/uploads\/2020\/01\/about-img.jpg\" alt=\"\" width=\"320\" height=\"480\" \/><\/p>\n<p>Desde 2002, o Centro Knight de Jornalismo nas Am\u00e9ricas da Universidade do Texas em Austin lidera programas de extens\u00e3o universit\u00e1ria e treinamento para jornalistas da Am\u00e9rica Latina e do Caribe.<\/p>\n<p>Ajudamos jornalistas independentes no Hemisf\u00e9rio Ocidental a criar uma nova gera\u00e7\u00e3o de associa\u00e7\u00f5es e outras organiza\u00e7\u00f5es para elevar os padr\u00f5es do jornalismo em seus pa\u00edses.<\/p>\n<p>Nossos programas de treinamento beneficiaram milhares de jornalistas, professores e estudantes de jornalismo nas Am\u00e9ricas e al\u00e9m. Desde 2012, o <a href=\"https:\/\/journalismcourses.org\/\"><em>Journalism Courses<\/em><\/a>, o programa de ensino \u00e0 dist\u00e2ncia do Centro, oferece cursos online massivos e abertos (MOOCs, na sigla em ingl\u00eas) que atraem jornalistas de todo o mundo.<\/p>\n<p>O <a href=\"https:\/\/isoj.org\/\">Simp\u00f3sio Internacional de Jornalismo Online<\/a> (ISOJ, na sigla em ingl\u00eas), organizado anualmente pelo Centro Knight da Universidade do Texas em Austin, tornou-se uma das confer\u00eancias de jornalismo mais prestigiadas do mundo. O ISOJ come\u00e7ou em 1999 como um pequeno simp\u00f3sio focado na ind\u00fastria de not\u00edcias online nascente nos Estados Unidos, tornou-se internacional em 2003, adicionou um <a href=\"https:\/\/isoj.org\/research\/\">componente de pesquisa acad\u00eamica<\/a> em 2004 e uma revista revisada por pares em 2011.<\/p>\n<p>Desde 2008, o Centro Knight tamb\u00e9m tem sido organiza\u00e7\u00e3o do <a href=\"https:\/\/isoj.org\/coloquio\/\">Coloquio Iberoamericano de Periodismo Digital<\/a> (Col\u00f3quio Ibero-americano de Jornalismo Digital) no dia seguinte ao ISOJ. O Col\u00f3quio \u00e9 uma confer\u00eancia menor, em espanhol, criada para aproveitar a presen\u00e7a na ISOJ de muitos jornalistas, executivos de m\u00eddia e acad\u00eamicos da Am\u00e9rica Latina, Espanha e Portugal e promover uma discuss\u00e3o sobre a evolu\u00e7\u00e3o do jornalismo online com foco regional.<\/p>\n<p>O Centro Knight tamb\u00e9m se tornou refer\u00eancia para not\u00edcias e informa\u00e7\u00f5es sobre jornalismo e liberdade de imprensa na Am\u00e9rica Latina e no Caribe desde que come\u00e7ou a cobrir essas quest\u00f5es com um blog lan\u00e7ado em 2003. Em 2020, depois de 17 anos o blog <em>Jornalismo nas Am\u00e9ricas<\/em> se tornou a <a href=\"https:\/\/latamjournalismreview.org\/\"><em>LatAm Journalism Review<\/em><\/a>, uma revista digital independente.<\/p>\n<p>Gra\u00e7as a uma generosa doa\u00e7\u00e3o da John S. e James L. Knight Foundation, o Centro Knight foi criado em 2002 pelo professor <a href=\"https:\/\/live-knightcenter.pantheonsite.io\/staff\/rosental-alves\/\">Rosental Calmon Alves<\/a>,\u00a0 titular da C\u00e1tedra Knight de Jornalismo e da C\u00e1tedra UNESCO em Comunica\u00e7\u00e3o da <a href=\"https:\/\/journalism.utexas.edu\/\">Escola de Jornalismo e M\u00eddia<\/a> da <a href=\"https:\/\/moody.utexas.edu\/\">Moody College of Communication<\/a> na Universidade do Texas em Austin.<\/p>\n<p>Desde ent\u00e3o, o centro recebeu subs\u00eddios sucessivos da Knight Foundation, mas tamb\u00e9m se beneficiou de outros financiadores, incluindo funda\u00e7\u00f5es, corpora\u00e7\u00f5es e doadores individuais. Tamb\u00e9m gerou receita com suas atividades, o que ajuda a financiar os custos operacionais do centro. O Centro Knight recebe contribui\u00e7\u00f5es substanciais da Universidade do Texas em Austin e de sua Faculdade Moody de Comunica\u00e7\u00e3o.<\/p>\n<p>Em 2024, a Sociedade Interamericana de Imprensa (SIP) concedeu ao Centro Knight o <a href=\"https:\/\/knightcenter.utexas.edu\/pt-br\/sip-concede-premio-grande-amigo-da-imprensa-2024-ao-centro-knight-para-o-jornalismo-nas-americas\/\">pr\u00eamio Grande Amigo da Imprensa<\/a> por sua \u201ccontribui\u00e7\u00e3o significativa para o crescimento e o avan\u00e7o do jornalismo e da ind\u00fastria da m\u00eddia nas Am\u00e9ricas\u201d.<\/p>\n<p>Para apoiar o nosso trabalho, visite <a href=\"https:\/\/utdirect.utexas.edu\/apps\/utgiving\/online\/nlogon\/?menu=COKN\">a nossa p\u00e1gina segura de doa\u00e7\u00f5es online <\/a>ou envie um cheque em nome da Universidade do Texas em Austin para:<\/p>\n<p>Knight Center for Journalism in the Americas<\/p>\n<p>300 West Dean Keeton St., Stop A1000 \u2022 BMC 3.212<\/p>\n<p>Austin, TX 78712<\/p>\n<p>Ser\u00e1 um prazer ouvir as suas considera\u00e7\u00f5es. Por favor, n\u00e3o hesite em contatar-nos em <a href=\"mailto:knightcenter@austin.utexas.edu\">knightcenter@austin.utexas.edu<\/a>.<\/p>\n","protected":false},"excerpt":{"rendered":"<p>Desde 2002, o Centro Knight de Jornalismo nas Am\u00e9ricas da Universidade do Texas em Austin lidera programas de extens\u00e3o universit\u00e1ria e treinamento para jornalistas da Am\u00e9rica Latina e do Caribe. Ajudamos jornalistas independentes no Hemisf\u00e9rio Ocidental a criar uma nova gera\u00e7\u00e3o de associa\u00e7\u00f5es e outras organiza\u00e7\u00f5es para elevar os padr\u00f5es do jornalismo em seus pa\u00edses. [&hellip;]<\/p>\n","protected":false},"author":2,"featured_media":0,"parent":0,"menu_order":0,"comment_status":"closed","ping_status":"closed","template":"about.php","meta":{"_acf_changed":false,"inline_featured_image":false,"footnotes":""},"class_list":["post-305","page","type-page","status-publish","hentry"],"acf":[],"yoast_head":"<!-- This site is optimized with the Yoast SEO Premium plugin v24.4 (Yoast SEO v27.3) - https:\/\/yoast.com\/product\/yoast-seo-premium-wordpress\/ -->\n<title>Sobre | Knight Center for Journalism in the Americas<\/title>\n<meta name=\"robots\" content=\"index, follow, max-snippet:-1, max-image-preview:large, max-video-preview:-1\" \/>\n<link rel=\"canonical\" href=\"https:\/\/knightcenter.utexas.edu\/pt-br\/sobre\/\" \/>\n<meta property=\"og:locale\" content=\"pt_BR\" \/>\n<meta property=\"og:type\" content=\"article\" \/>\n<meta property=\"og:title\" content=\"Sobre\" \/>\n<meta property=\"og:description\" content=\"Desde 2002, o Centro Knight de Jornalismo nas Am\u00e9ricas da Universidade do Texas em Austin lidera programas de extens\u00e3o universit\u00e1ria e treinamento para jornalistas da Am\u00e9rica Latina e do Caribe. Ajudamos jornalistas independentes no Hemisf\u00e9rio Ocidental a criar uma nova gera\u00e7\u00e3o de associa\u00e7\u00f5es e outras organiza\u00e7\u00f5es para elevar os padr\u00f5es do jornalismo em seus pa\u00edses. [&hellip;]\" \/>\n<meta property=\"og:url\" content=\"https:\/\/knightcenter.utexas.edu\/pt-br\/sobre\/\" \/>\n<meta property=\"og:site_name\" content=\"Knight Center for Journalism in the Americas\" \/>\n<meta property=\"article:modified_time\" content=\"2025-08-29T12:50:37+00:00\" \/>\n<meta property=\"og:image\" content=\"https:\/\/live-knightcenter.pantheonsite.io\/wp-content\/uploads\/2020\/01\/about-img.jpg\" \/>\n<meta name=\"twitter:card\" content=\"summary_large_image\" \/>\n<meta name=\"twitter:label1\" content=\"Est. reading time\" \/>\n\t<meta name=\"twitter:data1\" content=\"10 minutos\" \/>\n<script type=\"application\/ld+json\" class=\"yoast-schema-graph\">{\"@context\":\"https:\\\/\\\/schema.org\",\"@graph\":[{\"@type\":\"WebPage\",\"@id\":\"https:\\\/\\\/knightcenter.utexas.edu\\\/pt-br\\\/sobre\\\/\",\"url\":\"https:\\\/\\\/knightcenter.utexas.edu\\\/pt-br\\\/sobre\\\/\",\"name\":\"Sobre | Knight Center for Journalism in the Americas\",\"isPartOf\":{\"@id\":\"https:\\\/\\\/knightcenter.utexas.edu\\\/pt-br\\\/#website\"},\"primaryImageOfPage\":{\"@id\":\"https:\\\/\\\/knightcenter.utexas.edu\\\/pt-br\\\/sobre\\\/#primaryimage\"},\"image\":{\"@id\":\"https:\\\/\\\/knightcenter.utexas.edu\\\/pt-br\\\/sobre\\\/#primaryimage\"},\"thumbnailUrl\":\"https:\\\/\\\/live-knightcenter.pantheonsite.io\\\/wp-content\\\/uploads\\\/2020\\\/01\\\/about-img.jpg\",\"datePublished\":\"2020-02-07T12:35:58+00:00\",\"dateModified\":\"2025-08-29T12:50:37+00:00\",\"breadcrumb\":{\"@id\":\"https:\\\/\\\/knightcenter.utexas.edu\\\/pt-br\\\/sobre\\\/#breadcrumb\"},\"inLanguage\":\"pt-BR\",\"potentialAction\":[{\"@type\":\"ReadAction\",\"target\":[\"https:\\\/\\\/knightcenter.utexas.edu\\\/pt-br\\\/sobre\\\/\"]}]},{\"@type\":\"ImageObject\",\"inLanguage\":\"pt-BR\",\"@id\":\"https:\\\/\\\/knightcenter.utexas.edu\\\/pt-br\\\/sobre\\\/#primaryimage\",\"url\":\"https:\\\/\\\/live-knightcenter.pantheonsite.io\\\/wp-content\\\/uploads\\\/2020\\\/01\\\/about-img.jpg\",\"contentUrl\":\"https:\\\/\\\/live-knightcenter.pantheonsite.io\\\/wp-content\\\/uploads\\\/2020\\\/01\\\/about-img.jpg\"},{\"@type\":\"BreadcrumbList\",\"@id\":\"https:\\\/\\\/knightcenter.utexas.edu\\\/pt-br\\\/sobre\\\/#breadcrumb\",\"itemListElement\":[{\"@type\":\"ListItem\",\"position\":1,\"name\":\"Home\",\"item\":\"https:\\\/\\\/knightcenter.utexas.edu\\\/pt-br\\\/\"},{\"@type\":\"ListItem\",\"position\":2,\"name\":\"Sobre\"}]},{\"@type\":\"WebSite\",\"@id\":\"https:\\\/\\\/knightcenter.utexas.edu\\\/pt-br\\\/#website\",\"url\":\"https:\\\/\\\/knightcenter.utexas.edu\\\/pt-br\\\/\",\"name\":\"Knight Center for Journalism in the Americas\",\"description\":\"Training, resources, and news for journalists\",\"potentialAction\":[{\"@type\":\"SearchAction\",\"target\":{\"@type\":\"EntryPoint\",\"urlTemplate\":\"https:\\\/\\\/knightcenter.utexas.edu\\\/pt-br\\\/?s={search_term_string}\"},\"query-input\":{\"@type\":\"PropertyValueSpecification\",\"valueRequired\":true,\"valueName\":\"search_term_string\"}}],\"inLanguage\":\"pt-BR\"}]}<\/script>\n<!-- \/ Yoast SEO Premium plugin. -->","yoast_head_json":{"title":"Sobre | Knight Center for Journalism in the Americas","robots":{"index":"index","follow":"follow","max-snippet":"max-snippet:-1","max-image-preview":"max-image-preview:large","max-video-preview":"max-video-preview:-1"},"canonical":"https:\/\/knightcenter.utexas.edu\/pt-br\/sobre\/","og_locale":"pt_BR","og_type":"article","og_title":"Sobre","og_description":"Desde 2002, o Centro Knight de Jornalismo nas Am\u00e9ricas da Universidade do Texas em Austin lidera programas de extens\u00e3o universit\u00e1ria e treinamento para jornalistas da Am\u00e9rica Latina e do Caribe. Ajudamos jornalistas independentes no Hemisf\u00e9rio Ocidental a criar uma nova gera\u00e7\u00e3o de associa\u00e7\u00f5es e outras organiza\u00e7\u00f5es para elevar os padr\u00f5es do jornalismo em seus pa\u00edses. [&hellip;]","og_url":"https:\/\/knightcenter.utexas.edu\/pt-br\/sobre\/","og_site_name":"Knight Center for Journalism in the Americas","article_modified_time":"2025-08-29T12:50:37+00:00","og_image":[{"url":"https:\/\/live-knightcenter.pantheonsite.io\/wp-content\/uploads\/2020\/01\/about-img.jpg","type":"","width":"","height":""}],"twitter_card":"summary_large_image","twitter_misc":{"Est. reading time":"10 minutos"},"schema":{"@context":"https:\/\/schema.org","@graph":[{"@type":"WebPage","@id":"https:\/\/knightcenter.utexas.edu\/pt-br\/sobre\/","url":"https:\/\/knightcenter.utexas.edu\/pt-br\/sobre\/","name":"Sobre | Knight Center for Journalism in the Americas","isPartOf":{"@id":"https:\/\/knightcenter.utexas.edu\/pt-br\/#website"},"primaryImageOfPage":{"@id":"https:\/\/knightcenter.utexas.edu\/pt-br\/sobre\/#primaryimage"},"image":{"@id":"https:\/\/knightcenter.utexas.edu\/pt-br\/sobre\/#primaryimage"},"thumbnailUrl":"https:\/\/live-knightcenter.pantheonsite.io\/wp-content\/uploads\/2020\/01\/about-img.jpg","datePublished":"2020-02-07T12:35:58+00:00","dateModified":"2025-08-29T12:50:37+00:00","breadcrumb":{"@id":"https:\/\/knightcenter.utexas.edu\/pt-br\/sobre\/#breadcrumb"},"inLanguage":"pt-BR","potentialAction":[{"@type":"ReadAction","target":["https:\/\/knightcenter.utexas.edu\/pt-br\/sobre\/"]}]},{"@type":"ImageObject","inLanguage":"pt-BR","@id":"https:\/\/knightcenter.utexas.edu\/pt-br\/sobre\/#primaryimage","url":"https:\/\/live-knightcenter.pantheonsite.io\/wp-content\/uploads\/2020\/01\/about-img.jpg","contentUrl":"https:\/\/live-knightcenter.pantheonsite.io\/wp-content\/uploads\/2020\/01\/about-img.jpg"},{"@type":"BreadcrumbList","@id":"https:\/\/knightcenter.utexas.edu\/pt-br\/sobre\/#breadcrumb","itemListElement":[{"@type":"ListItem","position":1,"name":"Home","item":"https:\/\/knightcenter.utexas.edu\/pt-br\/"},{"@type":"ListItem","position":2,"name":"Sobre"}]},{"@type":"WebSite","@id":"https:\/\/knightcenter.utexas.edu\/pt-br\/#website","url":"https:\/\/knightcenter.utexas.edu\/pt-br\/","name":"Knight Center for Journalism in the Americas","description":"Training, resources, and news for journalists","potentialAction":[{"@type":"SearchAction","target":{"@type":"EntryPoint","urlTemplate":"https:\/\/knightcenter.utexas.edu\/pt-br\/?s={search_term_string}"},"query-input":{"@type":"PropertyValueSpecification","valueRequired":true,"valueName":"search_term_string"}}],"inLanguage":"pt-BR"}]}},"_links":{"self":[{"href":"https:\/\/knightcenter.utexas.edu\/pt-br\/wp-json\/wp\/v2\/pages\/305","targetHints":{"allow":["GET"]}}],"collection":[{"href":"https:\/\/knightcenter.utexas.edu\/pt-br\/wp-json\/wp\/v2\/pages"}],"about":[{"href":"https:\/\/knightcenter.utexas.edu\/pt-br\/wp-json\/wp\/v2\/types\/page"}],"author":[{"embeddable":true,"href":"https:\/\/knightcenter.utexas.edu\/pt-br\/wp-json\/wp\/v2\/users\/2"}],"replies":[{"embeddable":true,"href":"https:\/\/knightcenter.utexas.edu\/pt-br\/wp-json\/wp\/v2\/comments?post=305"}],"version-history":[{"count":16,"href":"https:\/\/knightcenter.utexas.edu\/pt-br\/wp-json\/wp\/v2\/pages\/305\/revisions"}],"predecessor-version":[{"id":90294,"href":"https:\/\/knightcenter.utexas.edu\/pt-br\/wp-json\/wp\/v2\/pages\/305\/revisions\/90294"}],"wp:attachment":[{"href":"https:\/\/knightcenter.utexas.edu\/pt-br\/wp-json\/wp\/v2\/media?parent=305"}],"curies":[{"name":"wp","href":"https:\/\/api.w.org\/{rel}","templated":true}]}}