{"id":525,"date":"2020-02-07T14:04:09","date_gmt":"2020-02-07T14:04:09","guid":{"rendered":"https:\/\/live-knightcenter.pantheonsite.io\/?page_id=525"},"modified":"2024-01-09T12:09:08","modified_gmt":"2024-01-09T18:09:08","slug":"home","status":"publish","type":"page","link":"https:\/\/knightcenter.utexas.edu\/pt-br\/home\/","title":{"rendered":"Home"},"content":{"rendered":"","protected":false},"excerpt":{"rendered":"","protected":false},"author":2,"featured_media":0,"parent":0,"menu_order":0,"comment_status":"closed","ping_status":"closed","template":"home.php","meta":{"_acf_changed":false,"inline_featured_image":false,"footnotes":""},"class_list":["post-525","page","type-page","status-publish","hentry"],"acf":[],"yoast_head":"<!-- This site is optimized with the Yoast SEO Premium plugin v24.4 (Yoast SEO v27.1.1) - https:\/\/yoast.com\/product\/yoast-seo-premium-wordpress\/ -->\n<title>Centro Knight para o Jornalismo nas Am\u00e9ricas<\/title>\n<meta name=\"description\" content=\"Informa\u00e7\u00f5es sobre o Centro Knight da Universidade do Texas em Austin\" \/>\n<meta name=\"robots\" content=\"index, follow, max-snippet:-1, max-image-preview:large, max-video-preview:-1\" \/>\n<link rel=\"canonical\" href=\"https:\/\/knightcenter.utexas.edu\/pt-br\/home\/\" \/>\n<meta property=\"og:locale\" content=\"pt_BR\" \/>\n<meta property=\"og:type\" content=\"article\" \/>\n<meta property=\"og:title\" content=\"Home\" \/>\n<meta property=\"og:description\" content=\"Informa\u00e7\u00f5es sobre o Centro Knight da Universidade do Texas em Austin\" \/>\n<meta property=\"og:url\" content=\"https:\/\/knightcenter.utexas.edu\/pt-br\/home\/\" \/>\n<meta property=\"og:site_name\" content=\"Knight Center for Journalism in the Americas\" \/>\n<meta property=\"article:modified_time\" content=\"2024-01-09T18:09:08+00:00\" \/>\n<meta name=\"twitter:card\" content=\"summary_large_image\" \/>\n<script type=\"application\/ld+json\" class=\"yoast-schema-graph\">{\"@context\":\"https:\/\/schema.org\",\"@graph\":[{\"@type\":\"WebPage\",\"@id\":\"https:\/\/knightcenter.utexas.edu\/pt-br\/home\/\",\"url\":\"https:\/\/knightcenter.utexas.edu\/pt-br\/home\/\",\"name\":\"Centro Knight para o Jornalismo nas Am\u00e9ricas\",\"isPartOf\":{\"@id\":\"https:\/\/knightcenter.utexas.edu\/pt-br\/#website\"},\"datePublished\":\"2020-02-07T14:04:09+00:00\",\"dateModified\":\"2024-01-09T18:09:08+00:00\",\"description\":\"Informa\u00e7\u00f5es sobre o Centro Knight da Universidade do Texas em Austin\",\"breadcrumb\":{\"@id\":\"https:\/\/knightcenter.utexas.edu\/pt-br\/home\/#breadcrumb\"},\"inLanguage\":\"pt-BR\",\"potentialAction\":[{\"@type\":\"ReadAction\",\"target\":[\"https:\/\/knightcenter.utexas.edu\/pt-br\/home\/\"]}]},{\"@type\":\"BreadcrumbList\",\"@id\":\"https:\/\/knightcenter.utexas.edu\/pt-br\/home\/#breadcrumb\",\"itemListElement\":[{\"@type\":\"ListItem\",\"position\":1,\"name\":\"Home\",\"item\":\"https:\/\/knightcenter.utexas.edu\/pt-br\/\"},{\"@type\":\"ListItem\",\"position\":2,\"name\":\"Home\"}]},{\"@type\":\"WebSite\",\"@id\":\"https:\/\/knightcenter.utexas.edu\/pt-br\/#website\",\"url\":\"https:\/\/knightcenter.utexas.edu\/pt-br\/\",\"name\":\"Knight Center for Journalism in the Americas\",\"description\":\"Training, resources, and news for journalists\",\"potentialAction\":[{\"@type\":\"SearchAction\",\"target\":{\"@type\":\"EntryPoint\",\"urlTemplate\":\"https:\/\/knightcenter.utexas.edu\/pt-br\/?s={search_term_string}\"},\"query-input\":{\"@type\":\"PropertyValueSpecification\",\"valueRequired\":true,\"valueName\":\"search_term_string\"}}],\"inLanguage\":\"pt-BR\"}]}<\/script>\n<!-- \/ Yoast SEO Premium plugin. -->","yoast_head_json":{"title":"Centro Knight para o Jornalismo nas Am\u00e9ricas","description":"Informa\u00e7\u00f5es sobre o Centro Knight da Universidade do Texas em Austin","robots":{"index":"index","follow":"follow","max-snippet":"max-snippet:-1","max-image-preview":"max-image-preview:large","max-video-preview":"max-video-preview:-1"},"canonical":"https:\/\/knightcenter.utexas.edu\/pt-br\/home\/","og_locale":"pt_BR","og_type":"article","og_title":"Home","og_description":"Informa\u00e7\u00f5es sobre o Centro Knight da Universidade do Texas em Austin","og_url":"https:\/\/knightcenter.utexas.edu\/pt-br\/home\/","og_site_name":"Knight Center for Journalism in the Americas","article_modified_time":"2024-01-09T18:09:08+00:00","twitter_card":"summary_large_image","schema":{"@context":"https:\/\/schema.org","@graph":[{"@type":"WebPage","@id":"https:\/\/knightcenter.utexas.edu\/pt-br\/home\/","url":"https:\/\/knightcenter.utexas.edu\/pt-br\/home\/","name":"Centro Knight para o Jornalismo nas Am\u00e9ricas","isPartOf":{"@id":"https:\/\/knightcenter.utexas.edu\/pt-br\/#website"},"datePublished":"2020-02-07T14:04:09+00:00","dateModified":"2024-01-09T18:09:08+00:00","description":"Informa\u00e7\u00f5es sobre o Centro Knight da Universidade do Texas em Austin","breadcrumb":{"@id":"https:\/\/knightcenter.utexas.edu\/pt-br\/home\/#breadcrumb"},"inLanguage":"pt-BR","potentialAction":[{"@type":"ReadAction","target":["https:\/\/knightcenter.utexas.edu\/pt-br\/home\/"]}]},{"@type":"BreadcrumbList","@id":"https:\/\/knightcenter.utexas.edu\/pt-br\/home\/#breadcrumb","itemListElement":[{"@type":"ListItem","position":1,"name":"Home","item":"https:\/\/knightcenter.utexas.edu\/pt-br\/"},{"@type":"ListItem","position":2,"name":"Home"}]},{"@type":"WebSite","@id":"https:\/\/knightcenter.utexas.edu\/pt-br\/#website","url":"https:\/\/knightcenter.utexas.edu\/pt-br\/","name":"Knight Center for Journalism in the Americas","description":"Training, resources, and news for journalists","potentialAction":[{"@type":"SearchAction","target":{"@type":"EntryPoint","urlTemplate":"https:\/\/knightcenter.utexas.edu\/pt-br\/?s={search_term_string}"},"query-input":{"@type":"PropertyValueSpecification","valueRequired":true,"valueName":"search_term_string"}}],"inLanguage":"pt-BR"}]}},"_links":{"self":[{"href":"https:\/\/knightcenter.utexas.edu\/pt-br\/wp-json\/wp\/v2\/pages\/525","targetHints":{"allow":["GET"]}}],"collection":[{"href":"https:\/\/knightcenter.utexas.edu\/pt-br\/wp-json\/wp\/v2\/pages"}],"about":[{"href":"https:\/\/knightcenter.utexas.edu\/pt-br\/wp-json\/wp\/v2\/types\/page"}],"author":[{"embeddable":true,"href":"https:\/\/knightcenter.utexas.edu\/pt-br\/wp-json\/wp\/v2\/users\/2"}],"replies":[{"embeddable":true,"href":"https:\/\/knightcenter.utexas.edu\/pt-br\/wp-json\/wp\/v2\/comments?post=525"}],"version-history":[{"count":28,"href":"https:\/\/knightcenter.utexas.edu\/pt-br\/wp-json\/wp\/v2\/pages\/525\/revisions"}],"predecessor-version":[{"id":5613,"href":"https:\/\/knightcenter.utexas.edu\/pt-br\/wp-json\/wp\/v2\/pages\/525\/revisions\/5613"}],"wp:attachment":[{"href":"https:\/\/knightcenter.utexas.edu\/pt-br\/wp-json\/wp\/v2\/media?parent=525"}],"curies":[{"name":"wp","href":"https:\/\/api.w.org\/{rel}","templated":true}]}}