{"id":80422,"date":"2024-02-20T23:57:40","date_gmt":"2024-02-21T05:57:40","guid":{"rendered":"https:\/\/knightcenter.utexas.edu\/?page_id=80422"},"modified":"2026-04-03T11:20:57","modified_gmt":"2026-04-03T16:20:57","slug":"beaver-builder-homepage","status":"publish","type":"page","link":"https:\/\/knightcenter.utexas.edu\/pt-br\/","title":{"rendered":"Beaver Builder Homepage"},"content":{"rendered":"\n\n\t\t\t<img decoding=\"async\" loading=\"false\" src=\"https:\/\/knightcenter.utexas.edu\/wp-content\/uploads\/2026\/01\/Website-banners-6.png\" alt=\"O ebook est\u00e1 dispon\u00edvel\" \/><a href=\"https:\/\/journalismcourses.org\/pt-br\/ebook\/os-mundos-do-jornalismo-seguranca-autonomia-profissional-e-resiliencia-entre-jornalistas-na-america-latina\/\" target=\"_blank\" aria-label=\"\"><\/a>\t\t\t\n\t\t\t<img decoding=\"async\" loading=\"false\" src=\"https:\/\/knightcenter.utexas.edu\/wp-content\/uploads\/2025\/12\/CAROUSEL-BANNER-YEAR-END-PT.png\" alt=\"Relat\u00f3rio de fim do ano\" \/><a href=\"https:\/\/knightcenter.utexas.edu\/pt-br\/2025-em-retrospectiva-centro-knight-prepara-jornalistas-para-a-ia-e-destaca-ameacas-a-liberdade-de-imprensa-diante-do-retrocesso-democratico-global\/\" target=\"_blank\" aria-label=\"\"><\/a>\t\t\t\n\t\t\t<img decoding=\"async\" loading=\"false\" src=\"https:\/\/knightcenter.utexas.edu\/wp-content\/uploads\/2025\/11\/Creators-PT.png\" alt=\"Criadores de Conte\u00fado e Jornalistas: Redefinindo as Not\u00edcias e a Credibilidade na Era Digital\" \/><a href=\"https:\/\/journalismcourses.org\/pt-br\/ebook\/criadores-de-conteudo-e-jornalistas-redefinindo-as-noticias-e-a-credibilidade-na-era-digital\/\" target=\"_self\" aria-label=\"\"><\/a>\t\t\t\n\t\t\t<img decoding=\"async\" loading=\"false\" src=\"https:\/\/knightcenter.utexas.edu\/wp-content\/uploads\/2025\/03\/3.png\" alt=\"\" \/><a href=\"https:\/\/isoj.org\/\" target=\"_self\" aria-label=\"\"><\/a>\t\t\t\n\t\t\t\t<a href=\"#\" aria-label=\"previous\" role=\"button\">\n<\/a>\n\t\t\t\t<a href=\"#\" aria-label=\"next\" role=\"button\">\n<\/a>\n\t\t\t\t<img decoding=\"async\" src=\"https:\/\/knightcenter.utexas.edu\/wp-content\/uploads\/2024\/02\/KnightCenter_InformalTreatment_Horizontal-1-1.png\" alt=\"KnightCenter_InformalTreatment_Horizontal (1)\" itemprop=\"image\" height=\"78\" width=\"507\" title=\"KnightCenter_InformalTreatment_Horizontal (1)\" onerror=\"this.style.display='none'\" loading=\"lazy\" \/>\n\t<p>O Centro Knight para o Jornalismo nas Am\u00e9ricas \u00e9 um l\u00edder global em capacita\u00e7\u00e3o de jornalistas, com mais de 20 anos de experi\u00eancia ajudando a fortalecer o jornalismo e a liberdade de imprensa na Am\u00e9rica Latina e no Caribe.<\/p>\n<h2>\n\t\t\tNot\u00edcias e Eventos\t<\/h2>\n\t\t\t<a href=\"\/pt-br\/news\/\" target=\"_self\">\n\t\t\t\t\t\t\tMais not\u00edcias e eventos\n\t\t\t\t\t<\/a>\n\t\t\t<a href=\"https:\/\/latamjournalismreview.org\/articles\/\" target=\"_blank\" rel=\"noopener\">\n\t\t\t\t\t\t\tMais Manchetes da LatAm Journalism Review\n\t\t\t\t\t<\/a>\n<h2>\n\t\t\tCursos Online do Centro Knight\t<\/h2>\n\t\t188\n\t<p>Cursos Online<\/p>\n\t\t366,425\n\t<p>Alunos<\/p>\n\t\t200\n\t<p>Pa\u00edses e territ\u00f3rios<\/p>\n<h2>\n\t\t\tPublica\u00e7\u00f5es\t<\/h2>\n\t<p>Como parte de sua miss\u00e3o de oferecer treinamento e recursos jornal\u00edsticos gratuitos e de baixo custo, o Centro Knight j\u00e1 publicou mais de 20 e-books, dispon\u00edveis gratuitamente para download em ingl\u00eas, espanhol e portugu\u00eas.<\/p>\n\t\t\t\t<a href=\"https:\/\/journalismcourses.org\/ebook\/periodismo-en-centroamerica-frente-al-retroceso-democratico\/\"  target=\"_blank\" rel=\"noopener\"  itemprop=\"url\">\n\t\t\t\t<img decoding=\"async\" src=\"https:\/\/knightcenter.utexas.edu\/wp-content\/uploads\/2025\/11\/Portada-Prensa-en-CA-211x300.png\" alt=\"Periodismo en Centroam\u00e9rica frente al retroceso democr\u00e1tico\" itemprop=\"image\" height=\"300\" width=\"211\" title=\"Portada Prensa en CA\" onerror=\"this.style.display='none'\" loading=\"lazy\" \/>\n\t\t\t\t<\/a>\n\t\t\t\t<a href=\"https:\/\/journalismcourses.org\/ebook\/content-creators-and-journalists-redefining-news-and-credibility-in-the-digital-age\/\"  target=\"_blank\" rel=\"noopener\"  itemprop=\"url\">\n\t\t\t\t<img decoding=\"async\" src=\"https:\/\/knightcenter.utexas.edu\/wp-content\/uploads\/2024\/10\/CONTENT-CREATORS-COVER-225x300.jpg\" alt=\"Illustrated cover showing a journalist influencer coming through a door\" itemprop=\"image\" height=\"300\" width=\"225\" title=\"CONTENT CREATORS COVER\" onerror=\"this.style.display='none'\" loading=\"lazy\" \/>\n\t\t\t\t<\/a>\n\t\t\t\t<a href=\"https:\/\/journalismcourses.org\/ebook\/protection-of-journalists-safety-and-justice-in-latin-america-and-the-caribbean\/\"  target=\"_blank\" rel=\"noopener\"  itemprop=\"url\">\n\t\t\t\t<img decoding=\"async\" src=\"https:\/\/knightcenter.utexas.edu\/wp-content\/uploads\/2024\/02\/GMDF-COVER-FINAL-ENGLISH-232x300-1.png\" alt=\"GMDF-COVER-FINAL-ENGLISH-232x300\" itemprop=\"image\" height=\"300\" width=\"232\" title=\"GMDF-COVER-FINAL-ENGLISH-232x300\" onerror=\"this.style.display='none'\" loading=\"lazy\" \/>\n\t\t\t\t<\/a>\n\t\t\t\t<a href=\"https:\/\/journalismcourses.org\/ebook\/ksj-science-editing-handbook\/\"  target=\"_blank\" rel=\"noopener\"  itemprop=\"url\">\n\t\t\t\t<img decoding=\"async\" src=\"https:\/\/knightcenter.utexas.edu\/wp-content\/uploads\/2024\/02\/KSJ-HANDBOOK-COVER-768x990-1-233x300-1.png\" alt=\"KSJ-HANDBOOK-COVER-768x990-1-233x300\" itemprop=\"image\" height=\"300\" width=\"233\" title=\"KSJ-HANDBOOK-COVER-768x990-1-233x300\" onerror=\"this.style.display='none'\" loading=\"lazy\" \/>\n\t\t\t\t<\/a>\n<h2>\n\t\t\tDepoimentos\t<\/h2>\n\t<p>Em nosso 20\u00ba anivers\u00e1rio, o Centro Knight para o Jornalismo nas Am\u00e9ricas entrou em contato com sua comunidade de jornalistas em todo o mundo para descobrir como nossos programas impactaram suas carreiras e vidas. Aqui est\u00e3o algumas dessas hist\u00f3rias.<\/p>\n\t\t\t<img decoding=\"async\" loading=\"false\" src=\"https:\/\/knightcenter.utexas.edu\/wp-content\/uploads\/2024\/02\/lisseth_boon_2022-150x150-1.png\" alt=\"\" \/>\t\t\t\n\t\t\t\t<h2>Democratiza\u00e7\u00e3o do conhecimento<\/h2><p>\"Os cursos do Centro Knight promoveram o treinamento de milhares de jornalistas de v\u00e1rias gera\u00e7\u00f5es em todo o mundo, gratuitamente ou a um custo muito baixo. Eles representam a democratiza\u00e7\u00e3o do conhecimento te\u00f3rico e t\u00e9cnico sobre jornalismo\".<\/p>\n<strong>Lisseth Boon<\/strong>, Venezuela<br \/>\n<em>Jornalista investigativa, RunRun.es<\/em>\n<img decoding=\"async\" loading=\"false\" src=\"https:\/\/knightcenter.utexas.edu\/wp-content\/uploads\/2024\/02\/lisseth_boon_2022-150x150-1.png\" alt=\"\" \/>\t\t\t\n\t\t\t<img decoding=\"async\" loading=\"false\" src=\"https:\/\/knightcenter.utexas.edu\/wp-content\/uploads\/2024\/02\/Kristy-Totten-150x150-1.jpg\" alt=\"\" \/>\t\t\t\n\t\t\t\t<h2>Uma base s\u00f3lida<\/h2><p>\"O curso [do Centro Knight] nos deu uma base s\u00f3lida para iniciar nosso pr\u00f3prio projeto e construir nossos portf\u00f3lios, e hoje fazemos podcasts profissionalmente para organiza\u00e7\u00f5es de not\u00edcias conhecidas nacionalmente... Obrigada, Centro Knight, pelo treinamento profissional cont\u00ednuo que realmente ampliou minhas habilidades e melhorou minha carreira\".<\/p>\n<strong>Kristy Totten<\/strong>, San Diego, CA (EUA)<br \/>\n<em>Produtora, San Diego News Fix, San Diego Union-Tribune<\/em>\n<img decoding=\"async\" loading=\"false\" src=\"https:\/\/knightcenter.utexas.edu\/wp-content\/uploads\/2024\/02\/Kristy-Totten-150x150-1.jpg\" alt=\"\" \/>\t\t\t\n\t\t\t<img decoding=\"async\" loading=\"false\" src=\"https:\/\/knightcenter.utexas.edu\/wp-content\/uploads\/2024\/02\/Tom-1024x1024-1-1024x1024-1-150x150-1.jpg\" alt=\"\" \/>\t\t\t\n\t\t\t\t<h2>Habilidades valiosas<\/h2><p>\"As li\u00e7\u00f5es aprendidas em um curso de dados que fiz nos ajudaram a lan\u00e7ar uma editoria de dados em nossa reda\u00e7\u00e3o local no The Citizen. Anteriormente, o curso de gerenciamento de reda\u00e7\u00f5es me ajudou a enfrentar os desafios quando fui promovido de rep\u00f3rter a editor de projetos especiais. As habilidades aprendidas foram inestim\u00e1veis\".<\/p>\n<strong>Tom Mosoba<\/strong>, Tanzani<br \/>\n<em>Gerente de desenvolvimento de neg\u00f3cios, Mwananchi Communications Limited<\/em>\n<img decoding=\"async\" loading=\"false\" src=\"https:\/\/knightcenter.utexas.edu\/wp-content\/uploads\/2024\/02\/Tom-1024x1024-1-1024x1024-1-150x150-1.jpg\" alt=\"\" \/>\t\t\t\n\t\t\t<img decoding=\"async\" loading=\"false\" src=\"https:\/\/knightcenter.utexas.edu\/wp-content\/uploads\/2024\/02\/Fernando-Zamith.png\" alt=\"\" \/>\t\t\t\n\t\t\t\t<h2>Acesso a Jornalismo de Qualidade<\/h2><p>\"O ISOJ \u00e9, sem d\u00favida, o congresso de jornalismo online mais importante em todo o mundo. Tem estabelecido um excelente di\u00e1logo entre a academia e a ind\u00fastria\/pr\u00e1tica jornal\u00edstica, numa rela\u00e7\u00e3o em que todos ganham, incluindo o cidad\u00e3o comum, que, assim, tem acesso a um jornalismo melhor\".<\/p>\n<strong>Fernando Zamith<\/strong>, Portugal<br \/>\n<em>Professor, Universidade do Porto, Portugal<\/em>\n<img decoding=\"async\" loading=\"false\" src=\"https:\/\/knightcenter.utexas.edu\/wp-content\/uploads\/2024\/02\/Fernando-Zamith.png\" alt=\"\" \/>\t\t\t\n\t\t\t<img decoding=\"async\" loading=\"false\" src=\"https:\/\/knightcenter.utexas.edu\/wp-content\/uploads\/2024\/02\/Guilherme-Canela-150x150-1.jpg\" alt=\"\" \/>\t\t\t\n\t\t\t\t<h2>Protegendo Jornalistas<\/h2><p>\"Chegamos a 15 mil ju\u00edzes, promotores e outros operadores de Justi\u00e7a na Am\u00e9rica Latina com o curso online 'O Marco Internacional da Liberdade de Express\u00e3o e Prote\u00e7\u00e3o dos Jornalistas', gra\u00e7as a uma parceria entre a UNESCO, o Centro Knight e a Relatoria Especial do Sistema Interamericano de Direitos Humanos\".<\/p>\n<strong>Guilherme Canela<\/strong>, Fran\u00e7a<br \/>\n<em>Chefe da Se\u00e7\u00e3o de Liberdade de Express\u00e3o e Seguran\u00e7a de Jornalistas da UNESCO<\/em>\n<img decoding=\"async\" loading=\"false\" src=\"https:\/\/knightcenter.utexas.edu\/wp-content\/uploads\/2024\/02\/Guilherme-Canela-150x150-1.jpg\" alt=\"\" \/>\t\t\t\n\t\t\t<img decoding=\"async\" loading=\"false\" src=\"https:\/\/knightcenter.utexas.edu\/wp-content\/uploads\/2024\/02\/Batsell_headshot-150x150-1.png\" alt=\"\" \/>\t\t\t\n\t\t\t\t<h2>Conectando pessoas<\/h2><p>\"Os programas do Centro Knight, especialmente o ISOJ, foram essenciais para me apresentar a ideias emergentes e me conectar com dezenas de profissionais e acad\u00eamicos de jornalismo digital que ajudaram a moldar minha agenda de pesquisa e projetos criativos\".<\/p>\n<strong>Jake Batsell<\/strong>, Dallas (EUA)<br \/>\n<em>Professor associado, Southern Methodist University<\/em>\n<img decoding=\"async\" loading=\"false\" src=\"https:\/\/knightcenter.utexas.edu\/wp-content\/uploads\/2024\/02\/Batsell_headshot-150x150-1.png\" alt=\"\" \/>\t\t\t\n\t\t\t<img decoding=\"async\" loading=\"false\" src=\"https:\/\/knightcenter.utexas.edu\/wp-content\/uploads\/2024\/02\/Claudia-Duque-150x150-1.png\" alt=\"\" \/>\t\t\t\n\t\t\t\t<h2>Apoio leal e permanente<\/h2><p>\"O Centro Knight tem publicado e coberto constantemente meu caso de amea\u00e7as, tortura, ex\u00edlio e persegui\u00e7\u00e3o, e tem me apoiado na divulga\u00e7\u00e3o e no aprendizado sobre as situa\u00e7\u00f5es que vivenciei. Esse apoio tem sido leal, permanente e muito importante\".<\/p>\n<strong>Claudia Julieta Duque<\/strong>, Col\u00f4mbia<br \/>\n<em>Jornalista, Radio Nizkor<\/em>\n<img decoding=\"async\" loading=\"false\" src=\"https:\/\/knightcenter.utexas.edu\/wp-content\/uploads\/2024\/02\/Claudia-Duque-150x150-1.png\" alt=\"\" \/>\t\t\t\n\t\t\t\t<a href=\"#\" aria-label=\"previous\" role=\"button\">\n<\/a>\n\t\t\t\t<a href=\"#\" aria-label=\"next\" role=\"button\">\n<\/a>\n\n","protected":false},"excerpt":{"rendered":"<p>O Centro Knight para o Jornalismo nas Am\u00e9ricas \u00e9 um l\u00edder global em capacita\u00e7\u00e3o de jornalistas, com mais de 20 anos de experi\u00eancia ajudando a fortalecer o jornalismo e a liberdade de imprensa na Am\u00e9rica Latina e no Caribe. Not\u00edcias e Eventos Mais not\u00edcias e eventos Mais Manchetes da LatAm Journalism Review Cursos Online do [&hellip;]<\/p>\n","protected":false},"author":2,"featured_media":0,"parent":0,"menu_order":0,"comment_status":"closed","ping_status":"closed","template":"template-beaver.php","meta":{"_acf_changed":false,"inline_featured_image":false,"footnotes":""},"class_list":["post-80422","page","type-page","status-publish","hentry"],"acf":[],"yoast_head":"<!-- This site is optimized with the Yoast SEO Premium plugin v24.4 (Yoast SEO v27.3) - https:\/\/yoast.com\/product\/yoast-seo-premium-wordpress\/ -->\n<title>Centro Knight para o Jornalismo nas Am\u00e9ricas<\/title>\n<meta name=\"description\" content=\"Informa\u00e7\u00f5es sobre o Centro Knight da Universidade do Texas em Austin\" \/>\n<meta name=\"robots\" content=\"index, follow, max-snippet:-1, max-image-preview:large, max-video-preview:-1\" \/>\n<link rel=\"canonical\" href=\"https:\/\/knightcenter.utexas.edu\/pt-br\/\" \/>\n<meta property=\"og:locale\" content=\"pt_BR\" \/>\n<meta property=\"og:type\" content=\"article\" \/>\n<meta property=\"og:title\" content=\"Beaver Builder Homepage\" \/>\n<meta property=\"og:description\" content=\"Informa\u00e7\u00f5es sobre o Centro Knight da Universidade do Texas em Austin\" \/>\n<meta property=\"og:url\" content=\"https:\/\/knightcenter.utexas.edu\/pt-br\/\" \/>\n<meta property=\"og:site_name\" content=\"Knight Center for Journalism in the Americas\" \/>\n<meta property=\"article:modified_time\" content=\"2026-04-03T16:20:57+00:00\" \/>\n<meta property=\"og:image\" content=\"https:\/\/knightcenter.utexas.edu\/wp-content\/uploads\/2026\/01\/Website-banners-6.png\" \/>\n<meta name=\"twitter:card\" content=\"summary_large_image\" \/>\n<meta name=\"twitter:label1\" content=\"Est. reading time\" \/>\n\t<meta name=\"twitter:data1\" content=\"13 minutos\" \/>\n<script type=\"application\/ld+json\" class=\"yoast-schema-graph\">{\"@context\":\"https:\\\/\\\/schema.org\",\"@graph\":[{\"@type\":\"WebPage\",\"@id\":\"https:\\\/\\\/knightcenter.utexas.edu\\\/pt-br\\\/\",\"url\":\"https:\\\/\\\/knightcenter.utexas.edu\\\/pt-br\\\/\",\"name\":\"Centro Knight para o Jornalismo nas Am\u00e9ricas\",\"isPartOf\":{\"@id\":\"https:\\\/\\\/knightcenter.utexas.edu\\\/pt-br\\\/#website\"},\"primaryImageOfPage\":{\"@id\":\"https:\\\/\\\/knightcenter.utexas.edu\\\/pt-br\\\/#primaryimage\"},\"image\":{\"@id\":\"https:\\\/\\\/knightcenter.utexas.edu\\\/pt-br\\\/#primaryimage\"},\"thumbnailUrl\":\"https:\\\/\\\/knightcenter.utexas.edu\\\/wp-content\\\/uploads\\\/2026\\\/01\\\/Website-banners-6.png\",\"datePublished\":\"2024-02-21T05:57:40+00:00\",\"dateModified\":\"2026-04-03T16:20:57+00:00\",\"description\":\"Informa\u00e7\u00f5es sobre o Centro Knight da Universidade do Texas em Austin\",\"breadcrumb\":{\"@id\":\"https:\\\/\\\/knightcenter.utexas.edu\\\/pt-br\\\/#breadcrumb\"},\"inLanguage\":\"pt-BR\",\"potentialAction\":[{\"@type\":\"ReadAction\",\"target\":[\"https:\\\/\\\/knightcenter.utexas.edu\\\/pt-br\\\/\"]}]},{\"@type\":\"ImageObject\",\"inLanguage\":\"pt-BR\",\"@id\":\"https:\\\/\\\/knightcenter.utexas.edu\\\/pt-br\\\/#primaryimage\",\"url\":\"https:\\\/\\\/knightcenter.utexas.edu\\\/wp-content\\\/uploads\\\/2026\\\/01\\\/Website-banners-6.png\",\"contentUrl\":\"https:\\\/\\\/knightcenter.utexas.edu\\\/wp-content\\\/uploads\\\/2026\\\/01\\\/Website-banners-6.png\"},{\"@type\":\"BreadcrumbList\",\"@id\":\"https:\\\/\\\/knightcenter.utexas.edu\\\/pt-br\\\/#breadcrumb\",\"itemListElement\":[{\"@type\":\"ListItem\",\"position\":1,\"name\":\"Home\",\"item\":\"https:\\\/\\\/knightcenter.utexas.edu\\\/pt-br\\\/\"},{\"@type\":\"ListItem\",\"position\":2,\"name\":\"Beaver Builder Homepage\"}]},{\"@type\":\"WebSite\",\"@id\":\"https:\\\/\\\/knightcenter.utexas.edu\\\/pt-br\\\/#website\",\"url\":\"https:\\\/\\\/knightcenter.utexas.edu\\\/pt-br\\\/\",\"name\":\"Knight Center for Journalism in the Americas\",\"description\":\"Training, resources, and news for journalists\",\"potentialAction\":[{\"@type\":\"SearchAction\",\"target\":{\"@type\":\"EntryPoint\",\"urlTemplate\":\"https:\\\/\\\/knightcenter.utexas.edu\\\/pt-br\\\/?s={search_term_string}\"},\"query-input\":{\"@type\":\"PropertyValueSpecification\",\"valueRequired\":true,\"valueName\":\"search_term_string\"}}],\"inLanguage\":\"pt-BR\"}]}<\/script>\n<!-- \/ Yoast SEO Premium plugin. -->","yoast_head_json":{"title":"Centro Knight para o Jornalismo nas Am\u00e9ricas","description":"Informa\u00e7\u00f5es sobre o Centro Knight da Universidade do Texas em Austin","robots":{"index":"index","follow":"follow","max-snippet":"max-snippet:-1","max-image-preview":"max-image-preview:large","max-video-preview":"max-video-preview:-1"},"canonical":"https:\/\/knightcenter.utexas.edu\/pt-br\/","og_locale":"pt_BR","og_type":"article","og_title":"Beaver Builder Homepage","og_description":"Informa\u00e7\u00f5es sobre o Centro Knight da Universidade do Texas em Austin","og_url":"https:\/\/knightcenter.utexas.edu\/pt-br\/","og_site_name":"Knight Center for Journalism in the Americas","article_modified_time":"2026-04-03T16:20:57+00:00","og_image":[{"url":"https:\/\/knightcenter.utexas.edu\/wp-content\/uploads\/2026\/01\/Website-banners-6.png","type":"","width":"","height":""}],"twitter_card":"summary_large_image","twitter_misc":{"Est. reading time":"13 minutos"},"schema":{"@context":"https:\/\/schema.org","@graph":[{"@type":"WebPage","@id":"https:\/\/knightcenter.utexas.edu\/pt-br\/","url":"https:\/\/knightcenter.utexas.edu\/pt-br\/","name":"Centro Knight para o Jornalismo nas Am\u00e9ricas","isPartOf":{"@id":"https:\/\/knightcenter.utexas.edu\/pt-br\/#website"},"primaryImageOfPage":{"@id":"https:\/\/knightcenter.utexas.edu\/pt-br\/#primaryimage"},"image":{"@id":"https:\/\/knightcenter.utexas.edu\/pt-br\/#primaryimage"},"thumbnailUrl":"https:\/\/knightcenter.utexas.edu\/wp-content\/uploads\/2026\/01\/Website-banners-6.png","datePublished":"2024-02-21T05:57:40+00:00","dateModified":"2026-04-03T16:20:57+00:00","description":"Informa\u00e7\u00f5es sobre o Centro Knight da Universidade do Texas em Austin","breadcrumb":{"@id":"https:\/\/knightcenter.utexas.edu\/pt-br\/#breadcrumb"},"inLanguage":"pt-BR","potentialAction":[{"@type":"ReadAction","target":["https:\/\/knightcenter.utexas.edu\/pt-br\/"]}]},{"@type":"ImageObject","inLanguage":"pt-BR","@id":"https:\/\/knightcenter.utexas.edu\/pt-br\/#primaryimage","url":"https:\/\/knightcenter.utexas.edu\/wp-content\/uploads\/2026\/01\/Website-banners-6.png","contentUrl":"https:\/\/knightcenter.utexas.edu\/wp-content\/uploads\/2026\/01\/Website-banners-6.png"},{"@type":"BreadcrumbList","@id":"https:\/\/knightcenter.utexas.edu\/pt-br\/#breadcrumb","itemListElement":[{"@type":"ListItem","position":1,"name":"Home","item":"https:\/\/knightcenter.utexas.edu\/pt-br\/"},{"@type":"ListItem","position":2,"name":"Beaver Builder Homepage"}]},{"@type":"WebSite","@id":"https:\/\/knightcenter.utexas.edu\/pt-br\/#website","url":"https:\/\/knightcenter.utexas.edu\/pt-br\/","name":"Knight Center for Journalism in the Americas","description":"Training, resources, and news for journalists","potentialAction":[{"@type":"SearchAction","target":{"@type":"EntryPoint","urlTemplate":"https:\/\/knightcenter.utexas.edu\/pt-br\/?s={search_term_string}"},"query-input":{"@type":"PropertyValueSpecification","valueRequired":true,"valueName":"search_term_string"}}],"inLanguage":"pt-BR"}]}},"_links":{"self":[{"href":"https:\/\/knightcenter.utexas.edu\/pt-br\/wp-json\/wp\/v2\/pages\/80422","targetHints":{"allow":["GET"]}}],"collection":[{"href":"https:\/\/knightcenter.utexas.edu\/pt-br\/wp-json\/wp\/v2\/pages"}],"about":[{"href":"https:\/\/knightcenter.utexas.edu\/pt-br\/wp-json\/wp\/v2\/types\/page"}],"author":[{"embeddable":true,"href":"https:\/\/knightcenter.utexas.edu\/pt-br\/wp-json\/wp\/v2\/users\/2"}],"replies":[{"embeddable":true,"href":"https:\/\/knightcenter.utexas.edu\/pt-br\/wp-json\/wp\/v2\/comments?post=80422"}],"version-history":[{"count":66,"href":"https:\/\/knightcenter.utexas.edu\/pt-br\/wp-json\/wp\/v2\/pages\/80422\/revisions"}],"predecessor-version":[{"id":100448,"href":"https:\/\/knightcenter.utexas.edu\/pt-br\/wp-json\/wp\/v2\/pages\/80422\/revisions\/100448"}],"wp:attachment":[{"href":"https:\/\/knightcenter.utexas.edu\/pt-br\/wp-json\/wp\/v2\/media?parent=80422"}],"curies":[{"name":"wp","href":"https:\/\/api.w.org\/{rel}","templated":true}]}}